{"id":2472,"date":"2023-05-08T20:19:32","date_gmt":"2023-05-08T18:19:32","guid":{"rendered":"https:\/\/www.lestheoglines.fr\/?page_id=2472"},"modified":"2023-05-11T09:32:14","modified_gmt":"2023-05-11T07:32:14","slug":"mentions-legales","status":"publish","type":"page","link":"https:\/\/www.lestheoglines.fr\/en\/mentions-legales\/","title":{"rendered":"Legal information"},"content":{"rendered":"<div class=\"wp-block-uagb-container uagb-block-f6ef7fd6 alignfull uagb-is-root-container\"><div class=\"uagb-container-inner-blocks-wrap\">\n<div class=\"wp-block-uagb-advanced-heading uagb-block-ad4d7134\"><h1 class=\"uagb-heading-text\">Legal information<\/h1><\/div>\n<\/div><\/div>\n\n\n\n<div class=\"wp-block-uagb-container uagb-block-b4df193b alignfull uagb-is-root-container\"><div class=\"uagb-container-inner-blocks-wrap\">\n<h2 class=\"wp-block-heading\">You are on the website: https:\/\/www.lestheoglines.fr<\/h2>\n\n\n\n<p>The website <strong>Les Th\u00e9oglines<\/strong> and all its components are the property of the company&nbsp;<strong>Les Th\u00e9oglines<\/strong><br>Head office :&nbsp;<strong>1, route de Vernaux \u2013 09250 GARANOU<\/strong><br>E-mail address :&nbsp;<a href=\"mailto:accueil@lestheoglines.fr\">accueil@lestheoglines.fr<\/a><br>Director of publication: Ghislaine Olivi\u00e9<\/p>\n\n\n\n<div style=\"height:50px\" aria-hidden=\"true\" class=\"wp-block-spacer\"><\/div>\n\n\n\n<h2 class=\"wp-block-heading\">Hosted by :<\/h2>\n\n\n\n<p>OVH<br>2 Rue Kellermann<br>59100 \u2013 ROUBAIX (France)<br>SAS with a capital of \u20ac10,000,000<br>RCS Roubaix \u2013 Tourcoing 424 761 419 00045<br>APE code 6202A<br>N\u00b0 TVA : FR 22 424 761 419<\/p>\n\n\n\n<div style=\"height:50px\" aria-hidden=\"true\" class=\"wp-block-spacer\"><\/div>\n\n\n\n<h2 class=\"wp-block-heading\">Commitment made by the site<\/h2>\n\n\n\n<p>The content of the site respects the laws in force and in particular:<br>The Freedom of the Press Act so that no defamatory, racist or revisionist writing, images or sounds will be posted online;<br>In accordance with article 227-24 of the Penal Code relating to the protection of minors, no message of a violent or pornographic nature or one that seriously undermines human dignity and is likely to be seen or perceived by a minor will be put online;<br>No reproduction of a protected work or trademark without the consent of its author, rightful claimants or owner will be put online.<br>In accordance with the LCEN law of 22 June 2004, a right of reply is open to any person named or designated on the site. The request must be made to the publication director at the latest within three months of the message justifying this request being made available to the public. This insertion is free of charge and will be made within three days of receipt of the request, but may in no case exceed two hundred lines.<\/p>\n\n\n\n<div style=\"height:50px\" aria-hidden=\"true\" class=\"wp-block-spacer\"><\/div>\n\n\n\n<h2 class=\"wp-block-heading\">Computer law, files and liberties and protection of personal data on the Les Th\u00e9oglines website<\/h2>\n\n\n\n<p>Users of the site are required to comply with the provisions of the French Data Protection Act, the violation of which is punishable by criminal penalties. In particular, they must refrain from collecting or misusing the personal information they access and, in general, from any act likely to infringe on the privacy or reputation of individuals.<\/p>\n\n\n\n<div style=\"height:50px\" aria-hidden=\"true\" class=\"wp-block-spacer\"><\/div>\n\n\n\n<h2 class=\"wp-block-heading\">Limitation of liability<\/h2>\n\n\n\n<p>The information on this site is as accurate as possible and the site is periodically updated.<br>However, it may contain inaccuracies, omissions or gaps. If you notice a gap, error or what appears to be a malfunction, please report it by email, describing the problem as precisely as possible (page causing the problem, triggering action, type of computer and browser used, etc.).<br>Any content downloaded is done at the user's own risk and responsibility.<br>As a result,&nbsp;<strong>Les Th\u00e9oglines<\/strong>&nbsp;cannot be held responsible for any damage to the user's computer or any loss of data resulting from the download.<br>The photos are not contractual.<\/p>\n\n\n\n<p>The hypertext links set up within the framework of the present website towards other resources present on the Internet network cannot engage the responsibility of\u00a0<strong>Les Th\u00e9oglines<\/strong>.<\/p>\n\n\n\n<div style=\"height:50px\" aria-hidden=\"true\" class=\"wp-block-spacer\"><\/div>\n\n\n\n<h2 class=\"wp-block-heading\">Right to access, modify, rectify and delete data<\/h2>\n\n\n\n<p>Users have the right to access, modify, rectify and delete data concerning them in accordance with articles 39 and 40 of the law of 6 January 1978 modified by the law of 6 August 2004. To exercise this right, you may contact directly the Company&nbsp;<strong>Les Th\u00e9oglines<\/strong>&nbsp;by e-mail or by post addressed to the Company&nbsp;<strong><strong>Les Th\u00e9oglines<\/strong><\/strong>&nbsp;1, route de Vernaux - 09250 GARANOU specifying \"Service Gestion des donn\u00e9es personnelles\"<\/p>\n\n\n\n<p>Messages sent over the Internet can be intercepted. Do not disclose sensitive personal information. If you wish to send us confidential information, we advise you to use the postal service.<\/p>\n\n\n\n<div style=\"height:50px\" aria-hidden=\"true\" class=\"wp-block-spacer\"><\/div>\n\n\n\n<h2 class=\"wp-block-heading\">Intellectual property - copyright<\/h2>\n\n\n\n<p>The content of this site is subject to French and international legislation on copyright and intellectual property.<\/p>\n\n\n\n<p>The Company&nbsp;<strong>Les Th\u00e9oglines<\/strong>&nbsp;retains all property and moral rights related to the documents on this site, subject to the rights enjoyed by the authors of works published on this site. Thus, all reproduction rights, on electronic or paper media, are reserved, including for downloadable documents and iconographic and\/or photographic representations.<\/p>\n\n\n\n<p>Visitors to the website&nbsp;<strong>Les Th\u00e9oglines<\/strong>&nbsp;shall refrain from collecting, capturing, distorting or using the information to which they have access.<\/p>\n\n\n\n<p>The Company&nbsp;<strong>Les Th\u00e9oglines<\/strong>&nbsp;will prosecute any attempt to misuse the site's documentation.<\/p>\n\n\n\n<div style=\"height:50px\" aria-hidden=\"true\" class=\"wp-block-spacer\"><\/div>\n\n\n\n<h2 class=\"wp-block-heading\">Contact<\/h2>\n\n\n\n<p>Please contact us directly for any information. Thank you for your interest in our site. We hope you enjoy browsing.<br>E-mail address :&nbsp;<a href=\"mailto:accueil@lestheoglines.fr\">accueil@lestheoglines.fr<\/a><\/p>\n<\/div><\/div>","protected":false},"excerpt":{"rendered":"<p>Mentions l\u00e9gales Vous \u00eates sur le site internet : https:\/\/www.lestheoglines.fr Le site Les Th\u00e9oglines ainsi que tous ses composants sont la propri\u00e9t\u00e9 de la soci\u00e9t\u00e9&nbsp;Les Th\u00e9oglinesSi\u00e8ge social :&nbsp;1, route de Vernaux &#8211; 09250 GARANOUAdresse de courrier \u00e9lectronique :&nbsp;accueil@lestheoglines.frDirecteur de la publication : Ghislaine Olivi\u00e9 H\u00e9bergeur : OVH2 Rue Kellermann59100 \u2013 ROUBAIX (France)SAS au capital de [&hellip;]<\/p>","protected":false},"author":1,"featured_media":0,"parent":0,"menu_order":7,"comment_status":"closed","ping_status":"closed","template":"","meta":{"_uag_custom_page_level_css":"","site-sidebar-layout":"no-sidebar","site-content-layout":"page-builder","ast-site-content-layout":"default","site-content-style":"default","site-sidebar-style":"default","ast-global-header-display":"","ast-banner-title-visibility":"","ast-main-header-display":"","ast-hfb-above-header-display":"","ast-hfb-below-header-display":"","ast-hfb-mobile-header-display":"","site-post-title":"disabled","ast-breadcrumbs-content":"","ast-featured-img":"disabled","footer-sml-layout":"","ast-disable-related-posts":"","theme-transparent-header-meta":"enabled","adv-header-id-meta":"","stick-header-meta":"","header-above-stick-meta":"","header-main-stick-meta":"","header-below-stick-meta":"","astra-migrate-meta-layouts":"default","ast-page-background-enabled":"default","ast-page-background-meta":{"desktop":{"background-color":"var(--ast-global-color-4)","background-image":"","background-repeat":"repeat","background-position":"center center","background-size":"auto","background-attachment":"scroll","background-type":"","background-media":"","overlay-type":"","overlay-color":"","overlay-opacity":"","overlay-gradient":""},"tablet":{"background-color":"","background-image":"","background-repeat":"repeat","background-position":"center center","background-size":"auto","background-attachment":"scroll","background-type":"","background-media":"","overlay-type":"","overlay-color":"","overlay-opacity":"","overlay-gradient":""},"mobile":{"background-color":"","background-image":"","background-repeat":"repeat","background-position":"center center","background-size":"auto","background-attachment":"scroll","background-type":"","background-media":"","overlay-type":"","overlay-color":"","overlay-opacity":"","overlay-gradient":""}},"ast-content-background-meta":{"desktop":{"background-color":"var(--ast-global-color-5)","background-image":"","background-repeat":"repeat","background-position":"center center","background-size":"auto","background-attachment":"scroll","background-type":"","background-media":"","overlay-type":"","overlay-color":"","overlay-opacity":"","overlay-gradient":""},"tablet":{"background-color":"var(--ast-global-color-5)","background-image":"","background-repeat":"repeat","background-position":"center center","background-size":"auto","background-attachment":"scroll","background-type":"","background-media":"","overlay-type":"","overlay-color":"","overlay-opacity":"","overlay-gradient":""},"mobile":{"background-color":"var(--ast-global-color-5)","background-image":"","background-repeat":"repeat","background-position":"center center","background-size":"auto","background-attachment":"scroll","background-type":"","background-media":"","overlay-type":"","overlay-color":"","overlay-opacity":"","overlay-gradient":""}},"footnotes":""},"class_list":["post-2472","page","type-page","status-publish","hentry"],"yoast_head":"<!-- This site is optimized with the Yoast SEO plugin v20.10 - https:\/\/yoast.com\/wordpress\/plugins\/seo\/ -->\n<title>Mentions l\u00e9gales - Les Th\u00e9oglines<\/title>\n<meta name=\"description\" content=\"Consultez ici les mentions l\u00e9gales du site internet &quot;Les Th\u00e9oglines&quot;.\" \/>\n<meta name=\"robots\" content=\"index, follow, max-snippet:-1, max-image-preview:large, max-video-preview:-1\" \/>\n<link rel=\"canonical\" href=\"https:\/\/www.lestheoglines.fr\/en\/mentions-legales\/\" \/>\n<meta property=\"og:locale\" content=\"en_GB\" \/>\n<meta property=\"og:type\" content=\"article\" \/>\n<meta property=\"og:title\" content=\"Mentions l\u00e9gales - Les Th\u00e9oglines\" \/>\n<meta property=\"og:description\" content=\"Consultez ici les mentions l\u00e9gales du site internet &quot;Les Th\u00e9oglines&quot;.\" \/>\n<meta property=\"og:url\" content=\"https:\/\/www.lestheoglines.fr\/en\/mentions-legales\/\" \/>\n<meta property=\"og:site_name\" content=\"Les Th\u00e9oglines\" \/>\n<meta property=\"article:modified_time\" content=\"2023-05-11T07:32:14+00:00\" \/>\n<meta name=\"twitter:card\" content=\"summary_large_image\" \/>\n<meta name=\"twitter:label1\" content=\"Estimated reading time\" \/>\n\t<meta name=\"twitter:data1\" content=\"4 minutes\" \/>\n<script type=\"application\/ld+json\" class=\"yoast-schema-graph\">{\"@context\":\"https:\/\/schema.org\",\"@graph\":[{\"@type\":\"WebPage\",\"@id\":\"https:\/\/www.lestheoglines.fr\/mentions-legales\/\",\"url\":\"https:\/\/www.lestheoglines.fr\/mentions-legales\/\",\"name\":\"Mentions l\u00e9gales - Les Th\u00e9oglines\",\"isPartOf\":{\"@id\":\"https:\/\/www.lestheoglines.fr\/#website\"},\"datePublished\":\"2023-05-08T18:19:32+00:00\",\"dateModified\":\"2023-05-11T07:32:14+00:00\",\"description\":\"Consultez ici les mentions l\u00e9gales du site internet \\\"Les Th\u00e9oglines\\\".\",\"breadcrumb\":{\"@id\":\"https:\/\/www.lestheoglines.fr\/mentions-legales\/#breadcrumb\"},\"inLanguage\":\"en-GB\",\"potentialAction\":[{\"@type\":\"ReadAction\",\"target\":[\"https:\/\/www.lestheoglines.fr\/mentions-legales\/\"]}]},{\"@type\":\"BreadcrumbList\",\"@id\":\"https:\/\/www.lestheoglines.fr\/mentions-legales\/#breadcrumb\",\"itemListElement\":[{\"@type\":\"ListItem\",\"position\":1,\"name\":\"Accueil\",\"item\":\"https:\/\/www.lestheoglines.fr\/\"},{\"@type\":\"ListItem\",\"position\":2,\"name\":\"Mentions l\u00e9gales\"}]},{\"@type\":\"WebSite\",\"@id\":\"https:\/\/www.lestheoglines.fr\/#website\",\"url\":\"https:\/\/www.lestheoglines.fr\/\",\"name\":\"Les Th\u00e9oglines\",\"description\":\"Parc r\u00e9sidentiel de loisirs\",\"publisher\":{\"@id\":\"https:\/\/www.lestheoglines.fr\/#organization\"},\"potentialAction\":[{\"@type\":\"SearchAction\",\"target\":{\"@type\":\"EntryPoint\",\"urlTemplate\":\"https:\/\/www.lestheoglines.fr\/?s={search_term_string}\"},\"query-input\":\"required name=search_term_string\"}],\"inLanguage\":\"en-GB\"},{\"@type\":\"Organization\",\"@id\":\"https:\/\/www.lestheoglines.fr\/#organization\",\"name\":\"Les Th\u00e9oglines\",\"url\":\"https:\/\/www.lestheoglines.fr\/\",\"logo\":{\"@type\":\"ImageObject\",\"inLanguage\":\"en-GB\",\"@id\":\"https:\/\/www.lestheoglines.fr\/#\/schema\/logo\/image\/\",\"url\":\"https:\/\/www.lestheoglines.fr\/wp-content\/uploads\/2023\/05\/logo-theoglines.png\",\"contentUrl\":\"https:\/\/www.lestheoglines.fr\/wp-content\/uploads\/2023\/05\/logo-theoglines.png\",\"width\":309,\"height\":89,\"caption\":\"Les Th\u00e9oglines\"},\"image\":{\"@id\":\"https:\/\/www.lestheoglines.fr\/#\/schema\/logo\/image\/\"}}]}<\/script>\n<!-- \/ Yoast SEO plugin. -->","yoast_head_json":{"title":"Mentions l\u00e9gales - Les Th\u00e9oglines","description":"Consultez ici les mentions l\u00e9gales du site internet \"Les Th\u00e9oglines\".","robots":{"index":"index","follow":"follow","max-snippet":"max-snippet:-1","max-image-preview":"max-image-preview:large","max-video-preview":"max-video-preview:-1"},"canonical":"https:\/\/www.lestheoglines.fr\/en\/mentions-legales\/","og_locale":"en_GB","og_type":"article","og_title":"Mentions l\u00e9gales - Les Th\u00e9oglines","og_description":"Consultez ici les mentions l\u00e9gales du site internet \"Les Th\u00e9oglines\".","og_url":"https:\/\/www.lestheoglines.fr\/en\/mentions-legales\/","og_site_name":"Les Th\u00e9oglines","article_modified_time":"2023-05-11T07:32:14+00:00","twitter_card":"summary_large_image","twitter_misc":{"Estimated reading time":"4 minutes"},"schema":{"@context":"https:\/\/schema.org","@graph":[{"@type":"WebPage","@id":"https:\/\/www.lestheoglines.fr\/mentions-legales\/","url":"https:\/\/www.lestheoglines.fr\/mentions-legales\/","name":"Mentions l\u00e9gales - Les Th\u00e9oglines","isPartOf":{"@id":"https:\/\/www.lestheoglines.fr\/#website"},"datePublished":"2023-05-08T18:19:32+00:00","dateModified":"2023-05-11T07:32:14+00:00","description":"Consultez ici les mentions l\u00e9gales du site internet \"Les Th\u00e9oglines\".","breadcrumb":{"@id":"https:\/\/www.lestheoglines.fr\/mentions-legales\/#breadcrumb"},"inLanguage":"en-GB","potentialAction":[{"@type":"ReadAction","target":["https:\/\/www.lestheoglines.fr\/mentions-legales\/"]}]},{"@type":"BreadcrumbList","@id":"https:\/\/www.lestheoglines.fr\/mentions-legales\/#breadcrumb","itemListElement":[{"@type":"ListItem","position":1,"name":"Accueil","item":"https:\/\/www.lestheoglines.fr\/"},{"@type":"ListItem","position":2,"name":"Mentions l\u00e9gales"}]},{"@type":"WebSite","@id":"https:\/\/www.lestheoglines.fr\/#website","url":"https:\/\/www.lestheoglines.fr\/","name":"Les Th\u00e9oglines","description":"Parc r\u00e9sidentiel de loisirs","publisher":{"@id":"https:\/\/www.lestheoglines.fr\/#organization"},"potentialAction":[{"@type":"SearchAction","target":{"@type":"EntryPoint","urlTemplate":"https:\/\/www.lestheoglines.fr\/?s={search_term_string}"},"query-input":"required name=search_term_string"}],"inLanguage":"en-GB"},{"@type":"Organization","@id":"https:\/\/www.lestheoglines.fr\/#organization","name":"Les Th\u00e9oglines","url":"https:\/\/www.lestheoglines.fr\/","logo":{"@type":"ImageObject","inLanguage":"en-GB","@id":"https:\/\/www.lestheoglines.fr\/#\/schema\/logo\/image\/","url":"https:\/\/www.lestheoglines.fr\/wp-content\/uploads\/2023\/05\/logo-theoglines.png","contentUrl":"https:\/\/www.lestheoglines.fr\/wp-content\/uploads\/2023\/05\/logo-theoglines.png","width":309,"height":89,"caption":"Les Th\u00e9oglines"},"image":{"@id":"https:\/\/www.lestheoglines.fr\/#\/schema\/logo\/image\/"}}]}},"uagb_featured_image_src":{"full":false,"thumbnail":false,"medium":false,"medium_large":false,"large":false,"1536x1536":false,"2048x2048":false,"trp-custom-language-flag":false},"uagb_author_info":{"display_name":"admin","author_link":"https:\/\/www.lestheoglines.fr\/en\/author\/admin\/"},"uagb_comment_info":0,"uagb_excerpt":"Mentions l\u00e9gales Vous \u00eates sur le site internet : https:\/\/www.lestheoglines.fr Le site Les Th\u00e9oglines ainsi que tous ses composants sont la propri\u00e9t\u00e9 de la soci\u00e9t\u00e9&nbsp;Les Th\u00e9oglinesSi\u00e8ge social :&nbsp;1, route de Vernaux &#8211; 09250 GARANOUAdresse de courrier \u00e9lectronique :&nbsp;accueil@lestheoglines.frDirecteur de la publication : Ghislaine Olivi\u00e9 H\u00e9bergeur : OVH2 Rue Kellermann59100 \u2013 ROUBAIX (France)SAS au capital de&hellip;","_links":{"self":[{"href":"https:\/\/www.lestheoglines.fr\/en\/wp-json\/wp\/v2\/pages\/2472","targetHints":{"allow":["GET"]}}],"collection":[{"href":"https:\/\/www.lestheoglines.fr\/en\/wp-json\/wp\/v2\/pages"}],"about":[{"href":"https:\/\/www.lestheoglines.fr\/en\/wp-json\/wp\/v2\/types\/page"}],"author":[{"embeddable":true,"href":"https:\/\/www.lestheoglines.fr\/en\/wp-json\/wp\/v2\/users\/1"}],"replies":[{"embeddable":true,"href":"https:\/\/www.lestheoglines.fr\/en\/wp-json\/wp\/v2\/comments?post=2472"}],"version-history":[{"count":9,"href":"https:\/\/www.lestheoglines.fr\/en\/wp-json\/wp\/v2\/pages\/2472\/revisions"}],"predecessor-version":[{"id":2582,"href":"https:\/\/www.lestheoglines.fr\/en\/wp-json\/wp\/v2\/pages\/2472\/revisions\/2582"}],"wp:attachment":[{"href":"https:\/\/www.lestheoglines.fr\/en\/wp-json\/wp\/v2\/media?parent=2472"}],"curies":[{"name":"wp","href":"https:\/\/api.w.org\/{rel}","templated":true}]}}