{"id":2445,"date":"2023-05-08T19:40:02","date_gmt":"2023-05-08T17:40:02","guid":{"rendered":"https:\/\/www.lestheoglines.fr\/?page_id=2445"},"modified":"2023-05-11T09:34:06","modified_gmt":"2023-05-11T07:34:06","slug":"politique-de-confidentialite","status":"publish","type":"page","link":"https:\/\/www.lestheoglines.fr\/en\/politique-de-confidentialite\/","title":{"rendered":"Privacy Policy"},"content":{"rendered":"<div class=\"wp-block-uagb-container uagb-block-eb55e4d0 alignfull uagb-is-root-container\"><div class=\"uagb-container-inner-blocks-wrap\">\n<div class=\"wp-block-uagb-advanced-heading uagb-block-6f53224b\"><h1 class=\"uagb-heading-text\">Privacy Policy<\/h1><\/div>\n<\/div><\/div>\n\n\n\n<div class=\"wp-block-uagb-container uagb-block-2445087a alignfull uagb-is-root-container\"><div class=\"uagb-container-inner-blocks-wrap\">\n<div class=\"wp-block-uagb-advanced-heading uagb-block-57e4157a\"><h2 class=\"uagb-heading-text\">Identity of the data controller<\/h2><\/div>\n\n\n\n<p><strong>Les Th\u00e9oglines<\/strong><br>Contact :\u00a0accueil@lestheoglines.fr<\/p>\n\n\n\n<div style=\"height:50px\" aria-hidden=\"true\" class=\"wp-block-spacer\"><\/div>\n\n\n\n<h2 class=\"wp-block-heading\">Right to access, modify, rectify and delete data<\/h2>\n\n\n\n<p>The collection and computerised processing of personal data by&nbsp;<strong>www.lestheoglines.fr<\/strong> are strictly subject to the law of 6 January 1978 on information technology, files and freedoms.<\/p>\n\n\n\n<p>The information collected in the context of a reservation request on the site&nbsp;<strong>www.lestheoglines.fr<\/strong>&nbsp;will be used exclusively for the follow-up of your reservation. This information will not be passed on to third parties under any circumstances.<\/p>\n\n\n\n<p>In accordance with article 34 of the law of January 6, 1978 relating to data processing, files and freedoms, you have the right to access, modify, rectify and delete data concerning you. You can exercise this right by contacting us by post or by e-mail at the following addresses <strong>Parc R\u00e9sidentiel de Loisirs \u00ab\u00a0Les Th\u00e9oglines\u00a0\u00bb , 09250 GARANOU<\/strong> or\u00a0<a href=\"mailto:accueil@lestheoglines.fr\"><mark style=\"background-color:rgba(0, 0, 0, 0)\" class=\"has-inline-color has-ast-global-color-3-color\">accueil@lestheoglines.fr<\/mark><\/a><\/p>\n\n\n\n<div style=\"height:50px\" aria-hidden=\"true\" class=\"wp-block-spacer\"><\/div>\n\n\n\n<h2 class=\"wp-block-heading\">Information collected and processed on the website :<\/h2>\n\n\n\n<p>Data collected and processed by Les Th\u00e9oglines and subject to our data protection policy:<\/p>\n\n\n\n<ul class=\"wp-block-list\">\n<li><strong>Booking form<\/strong>\u00a0: Nom, adresse de r\u00e9sidence, email, chalet d\u00e9sir\u00e9, dates de r\u00e9servation souhait\u00e9es<\/li>\n<\/ul>\n\n\n\n<p>Data collected and processed by Google reCaptcha and subject to Google's data protection policy:<\/p>\n\n\n\n<ul class=\"wp-block-list\">\n<li><strong>Captcha<\/strong><\/li>\n<\/ul>\n\n\n\n<p>All processed and collected data is stored for a specific period of time corresponding to the purpose for which it is used. Your information is kept for as long as you are active on our site, but also for the additional time required to meet our various legal obligations. At the end of these periods, your personal data is completely anonymised. You have the right to rectify and\/or delete your data by contacting us.<\/p>\n\n\n\n<p>Data processed by third party companies (captcha checks, etc) are subject to the policies of the companies in question.<\/p>\n\n\n\n<div style=\"height:50px\" aria-hidden=\"true\" class=\"wp-block-spacer\"><\/div>\n\n\n\n<h2 class=\"wp-block-heading\">About cookies<\/h2>\n\n\n\n<p>When consulting the site&nbsp;<strong>Les Th\u00e9oglines<\/strong>, information relating to the browsing of your terminal (computer, tablet, smartphone, etc.) may be recorded in text files called \"Cookies\" installed on your terminal, subject to your choices concerning Cookies, which you can modify at any time. Only the sender of a cookie is likely to read or modify the information contained therein.<\/p>\n\n\n\n<div style=\"height:50px\" aria-hidden=\"true\" class=\"wp-block-spacer\"><\/div>\n<\/div><\/div>","protected":false},"excerpt":{"rendered":"<p>Politique de confidentialit\u00e9 Identit\u00e9 du responsable du traitement Les Th\u00e9oglinesContact :&nbsp;accueil@lestheoglines.fr Droit d\u2019acc\u00e8s, de modification, de rectification et de suppression des donn\u00e9es La collecte et le traitement informatis\u00e9 de donn\u00e9es personnelles par&nbsp;www.lestheoglines.fr sont strictement soumis \u00e0 la loi du 6 janvier 1978&nbsp;relative \u00e0 l\u2019informatique, aux fichiers et aux libert\u00e9s. Les informations recueillies dans le cadre [&hellip;]<\/p>","protected":false},"author":1,"featured_media":0,"parent":0,"menu_order":10,"comment_status":"closed","ping_status":"closed","template":"","meta":{"_uag_custom_page_level_css":"","site-sidebar-layout":"no-sidebar","site-content-layout":"page-builder","ast-site-content-layout":"default","site-content-style":"default","site-sidebar-style":"default","ast-global-header-display":"","ast-banner-title-visibility":"","ast-main-header-display":"","ast-hfb-above-header-display":"","ast-hfb-below-header-display":"","ast-hfb-mobile-header-display":"","site-post-title":"disabled","ast-breadcrumbs-content":"","ast-featured-img":"disabled","footer-sml-layout":"","ast-disable-related-posts":"","theme-transparent-header-meta":"enabled","adv-header-id-meta":"","stick-header-meta":"","header-above-stick-meta":"","header-main-stick-meta":"","header-below-stick-meta":"","astra-migrate-meta-layouts":"default","ast-page-background-enabled":"default","ast-page-background-meta":{"desktop":{"background-color":"var(--ast-global-color-4)","background-image":"","background-repeat":"repeat","background-position":"center center","background-size":"auto","background-attachment":"scroll","background-type":"","background-media":"","overlay-type":"","overlay-color":"","overlay-opacity":"","overlay-gradient":""},"tablet":{"background-color":"","background-image":"","background-repeat":"repeat","background-position":"center center","background-size":"auto","background-attachment":"scroll","background-type":"","background-media":"","overlay-type":"","overlay-color":"","overlay-opacity":"","overlay-gradient":""},"mobile":{"background-color":"","background-image":"","background-repeat":"repeat","background-position":"center center","background-size":"auto","background-attachment":"scroll","background-type":"","background-media":"","overlay-type":"","overlay-color":"","overlay-opacity":"","overlay-gradient":""}},"ast-content-background-meta":{"desktop":{"background-color":"var(--ast-global-color-5)","background-image":"","background-repeat":"repeat","background-position":"center center","background-size":"auto","background-attachment":"scroll","background-type":"","background-media":"","overlay-type":"","overlay-color":"","overlay-opacity":"","overlay-gradient":""},"tablet":{"background-color":"var(--ast-global-color-5)","background-image":"","background-repeat":"repeat","background-position":"center center","background-size":"auto","background-attachment":"scroll","background-type":"","background-media":"","overlay-type":"","overlay-color":"","overlay-opacity":"","overlay-gradient":""},"mobile":{"background-color":"var(--ast-global-color-5)","background-image":"","background-repeat":"repeat","background-position":"center center","background-size":"auto","background-attachment":"scroll","background-type":"","background-media":"","overlay-type":"","overlay-color":"","overlay-opacity":"","overlay-gradient":""}},"footnotes":""},"class_list":["post-2445","page","type-page","status-publish","hentry"],"yoast_head":"<!-- This site is optimized with the Yoast SEO plugin v20.10 - https:\/\/yoast.com\/wordpress\/plugins\/seo\/ -->\n<title>Politique de confidentialit\u00e9 - Les Th\u00e9oglines<\/title>\n<meta name=\"description\" content=\"Consultez ici la politique de confidentialit\u00e9 du site internet &quot;Les Th\u00e9oglines&quot;.\" \/>\n<meta name=\"robots\" content=\"index, follow, max-snippet:-1, max-image-preview:large, max-video-preview:-1\" \/>\n<link rel=\"canonical\" href=\"https:\/\/www.lestheoglines.fr\/en\/politique-de-confidentialite\/\" \/>\n<meta property=\"og:locale\" content=\"en_GB\" \/>\n<meta property=\"og:type\" content=\"article\" \/>\n<meta property=\"og:title\" content=\"Politique de confidentialit\u00e9 - Les Th\u00e9oglines\" \/>\n<meta property=\"og:description\" content=\"Consultez ici la politique de confidentialit\u00e9 du site internet &quot;Les Th\u00e9oglines&quot;.\" \/>\n<meta property=\"og:url\" content=\"https:\/\/www.lestheoglines.fr\/en\/politique-de-confidentialite\/\" \/>\n<meta property=\"og:site_name\" content=\"Les Th\u00e9oglines\" \/>\n<meta property=\"article:modified_time\" content=\"2023-05-11T07:34:06+00:00\" \/>\n<meta name=\"twitter:card\" content=\"summary_large_image\" \/>\n<meta name=\"twitter:label1\" content=\"Estimated reading time\" \/>\n\t<meta name=\"twitter:data1\" content=\"2 minutes\" \/>\n<script type=\"application\/ld+json\" class=\"yoast-schema-graph\">{\"@context\":\"https:\/\/schema.org\",\"@graph\":[{\"@type\":\"WebPage\",\"@id\":\"https:\/\/www.lestheoglines.fr\/politique-de-confidentialite\/\",\"url\":\"https:\/\/www.lestheoglines.fr\/politique-de-confidentialite\/\",\"name\":\"Politique de confidentialit\u00e9 - Les Th\u00e9oglines\",\"isPartOf\":{\"@id\":\"https:\/\/www.lestheoglines.fr\/#website\"},\"datePublished\":\"2023-05-08T17:40:02+00:00\",\"dateModified\":\"2023-05-11T07:34:06+00:00\",\"description\":\"Consultez ici la politique de confidentialit\u00e9 du site internet \\\"Les Th\u00e9oglines\\\".\",\"breadcrumb\":{\"@id\":\"https:\/\/www.lestheoglines.fr\/politique-de-confidentialite\/#breadcrumb\"},\"inLanguage\":\"en-GB\",\"potentialAction\":[{\"@type\":\"ReadAction\",\"target\":[\"https:\/\/www.lestheoglines.fr\/politique-de-confidentialite\/\"]}]},{\"@type\":\"BreadcrumbList\",\"@id\":\"https:\/\/www.lestheoglines.fr\/politique-de-confidentialite\/#breadcrumb\",\"itemListElement\":[{\"@type\":\"ListItem\",\"position\":1,\"name\":\"Accueil\",\"item\":\"https:\/\/www.lestheoglines.fr\/\"},{\"@type\":\"ListItem\",\"position\":2,\"name\":\"Politique de confidentialit\u00e9\"}]},{\"@type\":\"WebSite\",\"@id\":\"https:\/\/www.lestheoglines.fr\/#website\",\"url\":\"https:\/\/www.lestheoglines.fr\/\",\"name\":\"Les Th\u00e9oglines\",\"description\":\"Parc r\u00e9sidentiel de loisirs\",\"publisher\":{\"@id\":\"https:\/\/www.lestheoglines.fr\/#organization\"},\"potentialAction\":[{\"@type\":\"SearchAction\",\"target\":{\"@type\":\"EntryPoint\",\"urlTemplate\":\"https:\/\/www.lestheoglines.fr\/?s={search_term_string}\"},\"query-input\":\"required name=search_term_string\"}],\"inLanguage\":\"en-GB\"},{\"@type\":\"Organization\",\"@id\":\"https:\/\/www.lestheoglines.fr\/#organization\",\"name\":\"Les Th\u00e9oglines\",\"url\":\"https:\/\/www.lestheoglines.fr\/\",\"logo\":{\"@type\":\"ImageObject\",\"inLanguage\":\"en-GB\",\"@id\":\"https:\/\/www.lestheoglines.fr\/#\/schema\/logo\/image\/\",\"url\":\"https:\/\/www.lestheoglines.fr\/wp-content\/uploads\/2023\/05\/logo-theoglines.png\",\"contentUrl\":\"https:\/\/www.lestheoglines.fr\/wp-content\/uploads\/2023\/05\/logo-theoglines.png\",\"width\":309,\"height\":89,\"caption\":\"Les Th\u00e9oglines\"},\"image\":{\"@id\":\"https:\/\/www.lestheoglines.fr\/#\/schema\/logo\/image\/\"}}]}<\/script>\n<!-- \/ Yoast SEO plugin. -->","yoast_head_json":{"title":"Politique de confidentialit\u00e9 - Les Th\u00e9oglines","description":"Consultez ici la politique de confidentialit\u00e9 du site internet \"Les Th\u00e9oglines\".","robots":{"index":"index","follow":"follow","max-snippet":"max-snippet:-1","max-image-preview":"max-image-preview:large","max-video-preview":"max-video-preview:-1"},"canonical":"https:\/\/www.lestheoglines.fr\/en\/politique-de-confidentialite\/","og_locale":"en_GB","og_type":"article","og_title":"Politique de confidentialit\u00e9 - Les Th\u00e9oglines","og_description":"Consultez ici la politique de confidentialit\u00e9 du site internet \"Les Th\u00e9oglines\".","og_url":"https:\/\/www.lestheoglines.fr\/en\/politique-de-confidentialite\/","og_site_name":"Les Th\u00e9oglines","article_modified_time":"2023-05-11T07:34:06+00:00","twitter_card":"summary_large_image","twitter_misc":{"Estimated reading time":"2 minutes"},"schema":{"@context":"https:\/\/schema.org","@graph":[{"@type":"WebPage","@id":"https:\/\/www.lestheoglines.fr\/politique-de-confidentialite\/","url":"https:\/\/www.lestheoglines.fr\/politique-de-confidentialite\/","name":"Politique de confidentialit\u00e9 - Les Th\u00e9oglines","isPartOf":{"@id":"https:\/\/www.lestheoglines.fr\/#website"},"datePublished":"2023-05-08T17:40:02+00:00","dateModified":"2023-05-11T07:34:06+00:00","description":"Consultez ici la politique de confidentialit\u00e9 du site internet \"Les Th\u00e9oglines\".","breadcrumb":{"@id":"https:\/\/www.lestheoglines.fr\/politique-de-confidentialite\/#breadcrumb"},"inLanguage":"en-GB","potentialAction":[{"@type":"ReadAction","target":["https:\/\/www.lestheoglines.fr\/politique-de-confidentialite\/"]}]},{"@type":"BreadcrumbList","@id":"https:\/\/www.lestheoglines.fr\/politique-de-confidentialite\/#breadcrumb","itemListElement":[{"@type":"ListItem","position":1,"name":"Accueil","item":"https:\/\/www.lestheoglines.fr\/"},{"@type":"ListItem","position":2,"name":"Politique de confidentialit\u00e9"}]},{"@type":"WebSite","@id":"https:\/\/www.lestheoglines.fr\/#website","url":"https:\/\/www.lestheoglines.fr\/","name":"Les Th\u00e9oglines","description":"Parc r\u00e9sidentiel de loisirs","publisher":{"@id":"https:\/\/www.lestheoglines.fr\/#organization"},"potentialAction":[{"@type":"SearchAction","target":{"@type":"EntryPoint","urlTemplate":"https:\/\/www.lestheoglines.fr\/?s={search_term_string}"},"query-input":"required name=search_term_string"}],"inLanguage":"en-GB"},{"@type":"Organization","@id":"https:\/\/www.lestheoglines.fr\/#organization","name":"Les Th\u00e9oglines","url":"https:\/\/www.lestheoglines.fr\/","logo":{"@type":"ImageObject","inLanguage":"en-GB","@id":"https:\/\/www.lestheoglines.fr\/#\/schema\/logo\/image\/","url":"https:\/\/www.lestheoglines.fr\/wp-content\/uploads\/2023\/05\/logo-theoglines.png","contentUrl":"https:\/\/www.lestheoglines.fr\/wp-content\/uploads\/2023\/05\/logo-theoglines.png","width":309,"height":89,"caption":"Les Th\u00e9oglines"},"image":{"@id":"https:\/\/www.lestheoglines.fr\/#\/schema\/logo\/image\/"}}]}},"uagb_featured_image_src":{"full":false,"thumbnail":false,"medium":false,"medium_large":false,"large":false,"1536x1536":false,"2048x2048":false,"trp-custom-language-flag":false},"uagb_author_info":{"display_name":"admin","author_link":"https:\/\/www.lestheoglines.fr\/en\/author\/admin\/"},"uagb_comment_info":0,"uagb_excerpt":"Politique de confidentialit\u00e9 Identit\u00e9 du responsable du traitement Les Th\u00e9oglinesContact :&nbsp;accueil@lestheoglines.fr Droit d\u2019acc\u00e8s, de modification, de rectification et de suppression des donn\u00e9es La collecte et le traitement informatis\u00e9 de donn\u00e9es personnelles par&nbsp;www.lestheoglines.fr sont strictement soumis \u00e0 la loi du 6 janvier 1978&nbsp;relative \u00e0 l\u2019informatique, aux fichiers et aux libert\u00e9s. Les informations recueillies dans le cadre&hellip;","_links":{"self":[{"href":"https:\/\/www.lestheoglines.fr\/en\/wp-json\/wp\/v2\/pages\/2445","targetHints":{"allow":["GET"]}}],"collection":[{"href":"https:\/\/www.lestheoglines.fr\/en\/wp-json\/wp\/v2\/pages"}],"about":[{"href":"https:\/\/www.lestheoglines.fr\/en\/wp-json\/wp\/v2\/types\/page"}],"author":[{"embeddable":true,"href":"https:\/\/www.lestheoglines.fr\/en\/wp-json\/wp\/v2\/users\/1"}],"replies":[{"embeddable":true,"href":"https:\/\/www.lestheoglines.fr\/en\/wp-json\/wp\/v2\/comments?post=2445"}],"version-history":[{"count":16,"href":"https:\/\/www.lestheoglines.fr\/en\/wp-json\/wp\/v2\/pages\/2445\/revisions"}],"predecessor-version":[{"id":2584,"href":"https:\/\/www.lestheoglines.fr\/en\/wp-json\/wp\/v2\/pages\/2445\/revisions\/2584"}],"wp:attachment":[{"href":"https:\/\/www.lestheoglines.fr\/en\/wp-json\/wp\/v2\/media?parent=2445"}],"curies":[{"name":"wp","href":"https:\/\/api.w.org\/{rel}","templated":true}]}}