{"id":2275,"date":"2023-05-05T18:27:47","date_gmt":"2023-05-05T16:27:47","guid":{"rendered":"https:\/\/www.lestheoglines.fr\/?page_id=2275"},"modified":"2025-12-18T16:57:29","modified_gmt":"2025-12-18T15:57:29","slug":"tarifs","status":"publish","type":"page","link":"https:\/\/www.lestheoglines.fr\/en\/tarifs\/","title":{"rendered":"Prices"},"content":{"rendered":"<div class=\"wp-block-uagb-container uagb-block-a664e9e2 alignfull uagb-is-root-container\"><div class=\"uagb-container-inner-blocks-wrap\">\n<div class=\"wp-block-uagb-advanced-heading uagb-block-69175e5a\"><h1 class=\"uagb-heading-text\">Prices<\/h1><\/div>\n<\/div><\/div>\n\n\n\n<div class=\"wp-block-uagb-container uagb-block-85ad5f62 alignfull uagb-is-root-container\"><div class=\"uagb-container-inner-blocks-wrap\">\n<div class=\"wp-block-uagb-container uagb-block-bfc9d526\">\n<div class=\"wp-block-uagb-advanced-heading uagb-block-caa89ea1\"><h2 class=\"uagb-heading-text\"><strong>PRICES PER WEEK<\/strong><\/h2><div class=\"uagb-separator\"><\/div><\/div>\n\n\n\n<figure class=\"wp-block-table\"><table><tbody><tr><td class=\"has-text-align-left\" data-align=\"left\"><strong>PERIOD<\/strong><\/td><td class=\"has-text-align-center\" data-align=\"center\"><strong>Cottage<br>5 persons<\/strong><\/td><td class=\"has-text-align-center\" data-align=\"center\"><strong>Cottage<br>7 persons<\/strong><\/td><\/tr><tr><td class=\"has-text-align-left\" data-align=\"left\">Du 03\/01\/26 au 07\/02\/26<\/td><td class=\"has-text-align-center\" data-align=\"center\">320\u20ac<\/td><td class=\"has-text-align-center\" data-align=\"center\">360\u20ac<\/td><\/tr><tr><td class=\"has-text-align-left\" data-align=\"left\">Du 07\/02 au 07\/03<\/td><td class=\"has-text-align-center\" data-align=\"center\">420\u20ac<\/td><td class=\"has-text-align-center\" data-align=\"center\">460\u20ac<\/td><\/tr><tr><td class=\"has-text-align-left\" data-align=\"left\">Du 07\/03 au 04\/07<\/td><td class=\"has-text-align-center\" data-align=\"center\">320\u20ac<\/td><td class=\"has-text-align-center\" data-align=\"center\">360\u20ac<\/td><\/tr><tr><td class=\"has-text-align-left\" data-align=\"left\">Du 04\/07 au 11\/07<\/td><td class=\"has-text-align-center\" data-align=\"center\">420\u20ac<\/td><td class=\"has-text-align-center\" data-align=\"center\">460\u20ac<\/td><\/tr><tr><td class=\"has-text-align-left\" data-align=\"left\">Du 11\/07 au 01\/08<\/td><td class=\"has-text-align-center\" data-align=\"center\">480\u20ac<\/td><td class=\"has-text-align-center\" data-align=\"center\">520\u20ac<\/td><\/tr><tr><td class=\"has-text-align-left\" data-align=\"left\">Du 01\/08 au 22\/08<\/td><td class=\"has-text-align-center\" data-align=\"center\">520\u20ac<\/td><td class=\"has-text-align-center\" data-align=\"center\">560\u20ac<\/td><\/tr><tr><td class=\"has-text-align-left\" data-align=\"left\">Du 22\/08 au 19\/12<\/td><td class=\"has-text-align-center\" data-align=\"center\">320\u20ac<\/td><td class=\"has-text-align-center\" data-align=\"center\">360\u20ac<\/td><\/tr><tr><td class=\"has-text-align-left\" data-align=\"left\">Du 19\/12 au 02\/01\/2027<\/td><td class=\"has-text-align-center\" data-align=\"center\">420\u20ac<\/td><td class=\"has-text-align-center\" data-align=\"center\">460\u20ac<\/td><\/tr><\/tbody><\/table><\/figure>\n<\/div>\n<\/div><\/div>\n\n\n\n<div class=\"wp-block-uagb-container uagb-block-9b618ea7 alignfull uagb-is-root-container\"><div class=\"uagb-container-inner-blocks-wrap\">\n<div class=\"wp-block-uagb-advanced-heading uagb-block-2d9262db\"><h2 class=\"uagb-heading-text\"><strong>OUTSIDE SCHOOL VACATIONS<\/strong><\/h2><div class=\"uagb-separator\"><\/div><\/div>\n\n\n\n<div class=\"wp-block-uagb-container uagb-block-40f20df7\">\n<figure class=\"wp-block-table\"><table><tbody><tr><td><\/td><td class=\"has-text-align-center\" data-align=\"center\"><strong>Cottage<br>5 persons<\/strong><\/td><td class=\"has-text-align-center\" data-align=\"center\"><strong>Cottage<br>7 persons<\/strong><\/td><\/tr><tr><td>Weekend 2 nights<\/td><td class=\"has-text-align-center\" data-align=\"center\">180\u20ac<\/td><td class=\"has-text-align-center\" data-align=\"center\">220\u20ac<\/td><\/tr><tr><td>Weekend 3 nights<\/td><td class=\"has-text-align-center\" data-align=\"center\">220\u20ac<\/td><td class=\"has-text-align-center\" data-align=\"center\">260\u20ac<\/td><\/tr><\/tbody><\/table><\/figure>\n\n\n\n<div class=\"wp-block-uagb-advanced-heading uagb-block-c2181a27\"><h2 class=\"uagb-heading-text\"><strong>LOW SEASON<\/strong><\/h2><div class=\"uagb-separator\"><\/div><p class=\"uagb-desc-text\">(03\/01\/2026 au 07\/02\/2026, 07\/03 au 04\/07, 22\/08 au 19\/12)<\/p><\/div>\n\n\n\n<figure class=\"wp-block-table\"><table><tbody><tr><td><\/td><td class=\"has-text-align-center\" data-align=\"center\"><strong>Cottage<br>5 persons<\/strong><\/td><td class=\"has-text-align-center\" data-align=\"center\"><strong>Cottage<br>7 persons<\/strong><\/td><\/tr><tr><td>SPECIAL DUO WEEK :<br>Couple or couple + baby -2 years<\/td><td class=\"has-text-align-center\" data-align=\"center\">280\u20ac<\/td><td class=\"has-text-align-center\" data-align=\"center\">&#8211;<\/td><\/tr><tr><td>MINI WEEK:<br>5 days\/4 nights from Monday to Friday<\/td><td class=\"has-text-align-center\" data-align=\"center\">230\u20ac<\/td><td class=\"has-text-align-center\" data-align=\"center\">270\u20ac<\/td><\/tr><\/tbody><\/table><\/figure>\n<\/div>\n<\/div><\/div>\n\n\n\n<div class=\"wp-block-uagb-container uagb-block-ee405b98 alignfull uagb-is-root-container\"><div class=\"uagb-container-inner-blocks-wrap\">\n<div class=\"wp-block-uagb-container uagb-block-6977d1fc\">\n<p><strong>Loyalty offer:<\/strong>&nbsp;<br>-5% on 2nd week of rental<br>-10% off on 3rd week of rental<br><strong><br>Tourist tax :<\/strong>&nbsp;0.79\u20ac \/ night \/ person<br>Free for children under 18 years old<br><br><strong>Service plus:<\/strong><br>Cleaning at the end of your stay : 30\u20ac<br>Bed linen : 5\u20ac per bed<br>Towels : 2\u20ac per person<br>Household linen : 1,50<br>Heating: 0,20\u20ac per kWh above 15 kWh\/day<\/p>\n<\/div>\n\n\n\n<div class=\"wp-block-uagb-container uagb-block-c065ad4b\">\n<figure class=\"wp-block-image size-full\"><img loading=\"lazy\" decoding=\"async\" width=\"484\" height=\"450\" src=\"https:\/\/www.lestheoglines.fr\/wp-content\/uploads\/2023\/05\/parc-theoglines-hiver-1.jpg\" alt=\"\" class=\"wp-image-2438\" srcset=\"https:\/\/www.lestheoglines.fr\/wp-content\/uploads\/2023\/05\/parc-theoglines-hiver-1.jpg 484w, https:\/\/www.lestheoglines.fr\/wp-content\/uploads\/2023\/05\/parc-theoglines-hiver-1-300x279.jpg 300w\" sizes=\"auto, (max-width: 484px) 100vw, 484px\" \/><\/figure>\n<\/div>\n<\/div><\/div>","protected":false},"excerpt":{"rendered":"<p>Tarifs TARIFS \u00c0 LA SEMAINE P\u00c9RIODE Chalet5 personnes Chalet7 personnes Du 03\/01\/26 au 07\/02\/26 320\u20ac 360\u20ac Du 07\/02 au 07\/03 420\u20ac 460\u20ac Du 07\/03 au 04\/07 320\u20ac 360\u20ac Du 04\/07 au 11\/07 420\u20ac 460\u20ac Du 11\/07 au 01\/08 480\u20ac 520\u20ac Du 01\/08 au 22\/08 520\u20ac 560\u20ac Du 22\/08 au 19\/12 320\u20ac 360\u20ac Du 19\/12 au [&hellip;]<\/p>","protected":false},"author":1,"featured_media":0,"parent":0,"menu_order":5,"comment_status":"closed","ping_status":"closed","template":"","meta":{"_uag_custom_page_level_css":"","site-sidebar-layout":"no-sidebar","site-content-layout":"page-builder","ast-site-content-layout":"default","site-content-style":"default","site-sidebar-style":"default","ast-global-header-display":"","ast-banner-title-visibility":"","ast-main-header-display":"","ast-hfb-above-header-display":"","ast-hfb-below-header-display":"","ast-hfb-mobile-header-display":"","site-post-title":"disabled","ast-breadcrumbs-content":"","ast-featured-img":"disabled","footer-sml-layout":"","ast-disable-related-posts":"","theme-transparent-header-meta":"enabled","adv-header-id-meta":"","stick-header-meta":"","header-above-stick-meta":"","header-main-stick-meta":"","header-below-stick-meta":"","astra-migrate-meta-layouts":"default","ast-page-background-enabled":"default","ast-page-background-meta":{"desktop":{"background-color":"var(--ast-global-color-4)","background-image":"","background-repeat":"repeat","background-position":"center center","background-size":"auto","background-attachment":"scroll","background-type":"","background-media":"","overlay-type":"","overlay-color":"","overlay-opacity":"","overlay-gradient":""},"tablet":{"background-color":"","background-image":"","background-repeat":"repeat","background-position":"center center","background-size":"auto","background-attachment":"scroll","background-type":"","background-media":"","overlay-type":"","overlay-color":"","overlay-opacity":"","overlay-gradient":""},"mobile":{"background-color":"","background-image":"","background-repeat":"repeat","background-position":"center center","background-size":"auto","background-attachment":"scroll","background-type":"","background-media":"","overlay-type":"","overlay-color":"","overlay-opacity":"","overlay-gradient":""}},"ast-content-background-meta":{"desktop":{"background-color":"var(--ast-global-color-5)","background-image":"","background-repeat":"repeat","background-position":"center center","background-size":"auto","background-attachment":"scroll","background-type":"","background-media":"","overlay-type":"","overlay-color":"","overlay-opacity":"","overlay-gradient":""},"tablet":{"background-color":"var(--ast-global-color-5)","background-image":"","background-repeat":"repeat","background-position":"center center","background-size":"auto","background-attachment":"scroll","background-type":"","background-media":"","overlay-type":"","overlay-color":"","overlay-opacity":"","overlay-gradient":""},"mobile":{"background-color":"var(--ast-global-color-5)","background-image":"","background-repeat":"repeat","background-position":"center center","background-size":"auto","background-attachment":"scroll","background-type":"","background-media":"","overlay-type":"","overlay-color":"","overlay-opacity":"","overlay-gradient":""}},"footnotes":""},"class_list":["post-2275","page","type-page","status-publish","hentry"],"yoast_head":"<!-- This site is optimized with the Yoast SEO plugin v20.10 - https:\/\/yoast.com\/wordpress\/plugins\/seo\/ -->\n<title>Tarifs - Les Th\u00e9oglines<\/title>\n<meta name=\"description\" content=\"Consultez nos tarifs pour la location de chalets en bois au c\u0153ur de la montagne Ari\u00e8geoise \u00e0 proximit\u00e9 de Ax-Les-Thermes.\" \/>\n<meta name=\"robots\" content=\"index, follow, max-snippet:-1, max-image-preview:large, max-video-preview:-1\" \/>\n<link rel=\"canonical\" href=\"https:\/\/www.lestheoglines.fr\/en\/tarifs\/\" \/>\n<meta property=\"og:locale\" content=\"en_GB\" \/>\n<meta property=\"og:type\" content=\"article\" \/>\n<meta property=\"og:title\" content=\"Tarifs - Les Th\u00e9oglines\" \/>\n<meta property=\"og:description\" content=\"Consultez nos tarifs pour la location de chalets en bois au c\u0153ur de la montagne Ari\u00e8geoise \u00e0 proximit\u00e9 de Ax-Les-Thermes.\" \/>\n<meta property=\"og:url\" content=\"https:\/\/www.lestheoglines.fr\/en\/tarifs\/\" \/>\n<meta property=\"og:site_name\" content=\"Les Th\u00e9oglines\" \/>\n<meta property=\"article:modified_time\" content=\"2025-12-18T15:57:29+00:00\" \/>\n<meta property=\"og:image\" content=\"https:\/\/www.lestheoglines.fr\/wp-content\/uploads\/2023\/05\/parc-theoglines-hiver-1.jpg\" \/>\n<meta name=\"twitter:card\" content=\"summary_large_image\" \/>\n<meta name=\"twitter:label1\" content=\"Estimated reading time\" \/>\n\t<meta name=\"twitter:data1\" content=\"2 minutes\" \/>\n<script type=\"application\/ld+json\" class=\"yoast-schema-graph\">{\"@context\":\"https:\/\/schema.org\",\"@graph\":[{\"@type\":\"WebPage\",\"@id\":\"https:\/\/www.lestheoglines.fr\/tarifs\/\",\"url\":\"https:\/\/www.lestheoglines.fr\/tarifs\/\",\"name\":\"Tarifs - Les Th\u00e9oglines\",\"isPartOf\":{\"@id\":\"https:\/\/www.lestheoglines.fr\/#website\"},\"datePublished\":\"2023-05-05T16:27:47+00:00\",\"dateModified\":\"2025-12-18T15:57:29+00:00\",\"description\":\"Consultez nos tarifs pour la location de chalets en bois au c\u0153ur de la montagne Ari\u00e8geoise \u00e0 proximit\u00e9 de Ax-Les-Thermes.\",\"breadcrumb\":{\"@id\":\"https:\/\/www.lestheoglines.fr\/tarifs\/#breadcrumb\"},\"inLanguage\":\"en-GB\",\"potentialAction\":[{\"@type\":\"ReadAction\",\"target\":[\"https:\/\/www.lestheoglines.fr\/tarifs\/\"]}]},{\"@type\":\"BreadcrumbList\",\"@id\":\"https:\/\/www.lestheoglines.fr\/tarifs\/#breadcrumb\",\"itemListElement\":[{\"@type\":\"ListItem\",\"position\":1,\"name\":\"Accueil\",\"item\":\"https:\/\/www.lestheoglines.fr\/\"},{\"@type\":\"ListItem\",\"position\":2,\"name\":\"Tarifs\"}]},{\"@type\":\"WebSite\",\"@id\":\"https:\/\/www.lestheoglines.fr\/#website\",\"url\":\"https:\/\/www.lestheoglines.fr\/\",\"name\":\"Les Th\u00e9oglines\",\"description\":\"Parc r\u00e9sidentiel de loisirs\",\"publisher\":{\"@id\":\"https:\/\/www.lestheoglines.fr\/#organization\"},\"potentialAction\":[{\"@type\":\"SearchAction\",\"target\":{\"@type\":\"EntryPoint\",\"urlTemplate\":\"https:\/\/www.lestheoglines.fr\/?s={search_term_string}\"},\"query-input\":\"required name=search_term_string\"}],\"inLanguage\":\"en-GB\"},{\"@type\":\"Organization\",\"@id\":\"https:\/\/www.lestheoglines.fr\/#organization\",\"name\":\"Les Th\u00e9oglines\",\"url\":\"https:\/\/www.lestheoglines.fr\/\",\"logo\":{\"@type\":\"ImageObject\",\"inLanguage\":\"en-GB\",\"@id\":\"https:\/\/www.lestheoglines.fr\/#\/schema\/logo\/image\/\",\"url\":\"https:\/\/www.lestheoglines.fr\/wp-content\/uploads\/2023\/05\/logo-theoglines.png\",\"contentUrl\":\"https:\/\/www.lestheoglines.fr\/wp-content\/uploads\/2023\/05\/logo-theoglines.png\",\"width\":309,\"height\":89,\"caption\":\"Les Th\u00e9oglines\"},\"image\":{\"@id\":\"https:\/\/www.lestheoglines.fr\/#\/schema\/logo\/image\/\"}}]}<\/script>\n<!-- \/ Yoast SEO plugin. -->","yoast_head_json":{"title":"Tarifs - Les Th\u00e9oglines","description":"Consultez nos tarifs pour la location de chalets en bois au c\u0153ur de la montagne Ari\u00e8geoise \u00e0 proximit\u00e9 de Ax-Les-Thermes.","robots":{"index":"index","follow":"follow","max-snippet":"max-snippet:-1","max-image-preview":"max-image-preview:large","max-video-preview":"max-video-preview:-1"},"canonical":"https:\/\/www.lestheoglines.fr\/en\/tarifs\/","og_locale":"en_GB","og_type":"article","og_title":"Tarifs - Les Th\u00e9oglines","og_description":"Consultez nos tarifs pour la location de chalets en bois au c\u0153ur de la montagne Ari\u00e8geoise \u00e0 proximit\u00e9 de Ax-Les-Thermes.","og_url":"https:\/\/www.lestheoglines.fr\/en\/tarifs\/","og_site_name":"Les Th\u00e9oglines","article_modified_time":"2025-12-18T15:57:29+00:00","og_image":[{"url":"https:\/\/www.lestheoglines.fr\/wp-content\/uploads\/2023\/05\/parc-theoglines-hiver-1.jpg"}],"twitter_card":"summary_large_image","twitter_misc":{"Estimated reading time":"2 minutes"},"schema":{"@context":"https:\/\/schema.org","@graph":[{"@type":"WebPage","@id":"https:\/\/www.lestheoglines.fr\/tarifs\/","url":"https:\/\/www.lestheoglines.fr\/tarifs\/","name":"Tarifs - Les Th\u00e9oglines","isPartOf":{"@id":"https:\/\/www.lestheoglines.fr\/#website"},"datePublished":"2023-05-05T16:27:47+00:00","dateModified":"2025-12-18T15:57:29+00:00","description":"Consultez nos tarifs pour la location de chalets en bois au c\u0153ur de la montagne Ari\u00e8geoise \u00e0 proximit\u00e9 de Ax-Les-Thermes.","breadcrumb":{"@id":"https:\/\/www.lestheoglines.fr\/tarifs\/#breadcrumb"},"inLanguage":"en-GB","potentialAction":[{"@type":"ReadAction","target":["https:\/\/www.lestheoglines.fr\/tarifs\/"]}]},{"@type":"BreadcrumbList","@id":"https:\/\/www.lestheoglines.fr\/tarifs\/#breadcrumb","itemListElement":[{"@type":"ListItem","position":1,"name":"Accueil","item":"https:\/\/www.lestheoglines.fr\/"},{"@type":"ListItem","position":2,"name":"Tarifs"}]},{"@type":"WebSite","@id":"https:\/\/www.lestheoglines.fr\/#website","url":"https:\/\/www.lestheoglines.fr\/","name":"Les Th\u00e9oglines","description":"Parc r\u00e9sidentiel de loisirs","publisher":{"@id":"https:\/\/www.lestheoglines.fr\/#organization"},"potentialAction":[{"@type":"SearchAction","target":{"@type":"EntryPoint","urlTemplate":"https:\/\/www.lestheoglines.fr\/?s={search_term_string}"},"query-input":"required name=search_term_string"}],"inLanguage":"en-GB"},{"@type":"Organization","@id":"https:\/\/www.lestheoglines.fr\/#organization","name":"Les Th\u00e9oglines","url":"https:\/\/www.lestheoglines.fr\/","logo":{"@type":"ImageObject","inLanguage":"en-GB","@id":"https:\/\/www.lestheoglines.fr\/#\/schema\/logo\/image\/","url":"https:\/\/www.lestheoglines.fr\/wp-content\/uploads\/2023\/05\/logo-theoglines.png","contentUrl":"https:\/\/www.lestheoglines.fr\/wp-content\/uploads\/2023\/05\/logo-theoglines.png","width":309,"height":89,"caption":"Les Th\u00e9oglines"},"image":{"@id":"https:\/\/www.lestheoglines.fr\/#\/schema\/logo\/image\/"}}]}},"uagb_featured_image_src":{"full":false,"thumbnail":false,"medium":false,"medium_large":false,"large":false,"1536x1536":false,"2048x2048":false,"trp-custom-language-flag":false},"uagb_author_info":{"display_name":"admin","author_link":"https:\/\/www.lestheoglines.fr\/en\/author\/admin\/"},"uagb_comment_info":0,"uagb_excerpt":"Tarifs TARIFS \u00c0 LA SEMAINE P\u00c9RIODE Chalet5 personnes Chalet7 personnes Du 03\/01\/26 au 07\/02\/26 320\u20ac 360\u20ac Du 07\/02 au 07\/03 420\u20ac 460\u20ac Du 07\/03 au 04\/07 320\u20ac 360\u20ac Du 04\/07 au 11\/07 420\u20ac 460\u20ac Du 11\/07 au 01\/08 480\u20ac 520\u20ac Du 01\/08 au 22\/08 520\u20ac 560\u20ac Du 22\/08 au 19\/12 320\u20ac 360\u20ac Du 19\/12 au&hellip;","_links":{"self":[{"href":"https:\/\/www.lestheoglines.fr\/en\/wp-json\/wp\/v2\/pages\/2275","targetHints":{"allow":["GET"]}}],"collection":[{"href":"https:\/\/www.lestheoglines.fr\/en\/wp-json\/wp\/v2\/pages"}],"about":[{"href":"https:\/\/www.lestheoglines.fr\/en\/wp-json\/wp\/v2\/types\/page"}],"author":[{"embeddable":true,"href":"https:\/\/www.lestheoglines.fr\/en\/wp-json\/wp\/v2\/users\/1"}],"replies":[{"embeddable":true,"href":"https:\/\/www.lestheoglines.fr\/en\/wp-json\/wp\/v2\/comments?post=2275"}],"version-history":[{"count":2,"href":"https:\/\/www.lestheoglines.fr\/en\/wp-json\/wp\/v2\/pages\/2275\/revisions"}],"predecessor-version":[{"id":2705,"href":"https:\/\/www.lestheoglines.fr\/en\/wp-json\/wp\/v2\/pages\/2275\/revisions\/2705"}],"wp:attachment":[{"href":"https:\/\/www.lestheoglines.fr\/en\/wp-json\/wp\/v2\/media?parent=2275"}],"curies":[{"name":"wp","href":"https:\/\/api.w.org\/{rel}","templated":true}]}}