{"id":2072,"date":"2023-05-05T14:08:43","date_gmt":"2023-05-05T12:08:43","guid":{"rendered":"https:\/\/www.lestheoglines.fr\/?page_id=2072"},"modified":"2023-05-12T16:39:14","modified_gmt":"2023-05-12T14:39:14","slug":"le-parc","status":"publish","type":"page","link":"https:\/\/www.lestheoglines.fr\/en\/le-parc\/","title":{"rendered":"The park"},"content":{"rendered":"<div class=\"wp-block-uagb-container uagb-block-2b78dab4 alignfull uagb-is-root-container\"><div class=\"uagb-container-inner-blocks-wrap\">\n<div class=\"wp-block-uagb-advanced-heading uagb-block-69079e35\"><h1 class=\"uagb-heading-text\">The park<\/h1><\/div>\n<\/div><\/div>\n\n\n\n<div class=\"wp-block-uagb-container uagb-block-dd67e130 alignfull uagb-is-root-container\"><div class=\"uagb-container-inner-blocks-wrap\">\n<div class=\"wp-block-uagb-container uagb-block-bad18ae3\">\n<p>At the Residential Leisure Park <strong>\u00ab\u00a0Les Th\u00e9oglines\u00a0\u00bb,<\/strong> come and enjoy the peace and quiet of a valley cradled by the rhythm of the seasons, with its varied landscapes and numerous and diverse activities in <strong>a privileged setting<\/strong>.<br><br>Nestled in the village of Garanou, <strong>\u00ab\u00a0Les Th\u00e9oglines\u00a0\u00bb<\/strong> will offer you during your stay <strong>the family atmosphere and the tranquillity of a village<\/strong> where the architectural traces of the past are still visible, notably thanks to the Garanou bridge which spans the Ari\u00e8ge.<\/p>\n\n\n\n<div style=\"height:10px\" aria-hidden=\"true\" class=\"wp-block-spacer\"><\/div>\n<\/div>\n\n\n\n<div class=\"wp-block-uagb-container uagb-block-17901893\">\n<figure class=\"wp-block-image size-full\"><img loading=\"lazy\" decoding=\"async\" width=\"450\" height=\"298\" src=\"https:\/\/www.lestheoglines.fr\/wp-content\/uploads\/2023\/05\/p002_1_4.jpg\" alt=\"\" class=\"wp-image-2094\" srcset=\"https:\/\/www.lestheoglines.fr\/wp-content\/uploads\/2023\/05\/p002_1_4.jpg 450w, https:\/\/www.lestheoglines.fr\/wp-content\/uploads\/2023\/05\/p002_1_4-300x199.jpg 300w\" sizes=\"auto, (max-width: 450px) 100vw, 450px\" \/><\/figure>\n<\/div>\n<\/div><\/div>\n\n\n\n<div class=\"wp-block-uagb-container uagb-block-17ea9fcc alignfull uagb-is-root-container\"><div class=\"uagb-container-inner-blocks-wrap\">\n<div class=\"wp-block-columns has-ast-global-color-4-background-color has-background is-layout-flex wp-container-core-columns-is-layout-d7d455e7 wp-block-columns-is-layout-flex\" style=\"padding-top:0;padding-right:0;padding-bottom:0;padding-left:0\">\n<div class=\"wp-block-column is-layout-flow wp-block-column-is-layout-flow\" style=\"padding-top:0;padding-right:0;padding-bottom:0;padding-left:0;flex-basis:10%\"><\/div>\n\n\n\n<div class=\"wp-block-column is-layout-flow wp-block-column-is-layout-flow\" style=\"flex-basis:80%\">\n<div class=\"wp-block-uagb-advanced-heading uagb-block-e5e446e5\"><p class=\"uagb-heading-text\">The park consists of three chalets and a reception chalet with laundry and relaxation area<\/p><\/div>\n<\/div>\n\n\n\n<div class=\"wp-block-column is-layout-flow wp-block-column-is-layout-flow\" style=\"padding-top:0;padding-right:0;padding-bottom:0;padding-left:0;flex-basis:10%\"><\/div>\n<\/div>\n<\/div><\/div>\n\n\n\n<div class=\"wp-block-uagb-container uagb-block-9598d76a alignfull uagb-is-root-container\"><div class=\"uagb-container-inner-blocks-wrap\">\n<div class=\"wp-block-uagb-container uagb-block-89335ec8\">\n<figure class=\"wp-block-image size-full\"><img loading=\"lazy\" decoding=\"async\" width=\"890\" height=\"668\" src=\"https:\/\/www.lestheoglines.fr\/wp-content\/uploads\/2023\/05\/parc-theoglines-hiver.jpg\" alt=\"\" class=\"wp-image-2271\" srcset=\"https:\/\/www.lestheoglines.fr\/wp-content\/uploads\/2023\/05\/parc-theoglines-hiver.jpg 890w, https:\/\/www.lestheoglines.fr\/wp-content\/uploads\/2023\/05\/parc-theoglines-hiver-300x225.jpg 300w, https:\/\/www.lestheoglines.fr\/wp-content\/uploads\/2023\/05\/parc-theoglines-hiver-768x576.jpg 768w\" sizes=\"auto, (max-width: 890px) 100vw, 890px\" \/><\/figure>\n<\/div>\n\n\n\n<div class=\"wp-block-uagb-container uagb-block-7e03ad95\">\n<p>Discover at altitude a unique open air mining operation in Europe which brings the valley to life, the Luzenac talc quarry; it offers a spectacle with the ballet of machines of extraordinary dimensions and <strong>an unforgettable view of the Ari\u00e8ge Pyrenees chain.<\/strong><br><br>And to keep you in the heart of the mountains, visit <strong>the remains of the Ch\u00e2teau de Lordat. <\/strong>During the summer season, you will find<strong> demonstrations of birds of prey<\/strong> and other activities related to this historic site.<\/p>\n<\/div>\n<\/div><\/div>\n\n\n\n<div class=\"wp-block-uagb-container uagb-block-4dcfd955 alignfull uagb-is-root-container\"><div class=\"uagb-container-inner-blocks-wrap\">\n<div class=\"wp-block-uagb-container uagb-block-ed6f24f0\">\n<div class=\"wp-block-uagb-advanced-heading uagb-block-9d8726a2\"><h2 class=\"uagb-heading-text\">Services in the park<\/h2><div class=\"uagb-separator\"><\/div><\/div>\n\n\n\n<div class=\"wp-block-uagb-icon-list uagb-block-dc38606b\"><div class=\"uagb-icon-list__wrap\">\n<div class=\"wp-block-uagb-icon-list-child uagb-block-0e8a9c37\"><span class=\"uagb-icon-list__source-wrap\"><svg xmlns=\"https:\/\/www.w3.org\/2000\/svg\" viewbox=\"0 0 320 512\"><path d=\"M96 480c-8.188 0-16.38-3.125-22.62-9.375c-12.5-12.5-12.5-32.75 0-45.25L242.8 256L73.38 86.63c-12.5-12.5-12.5-32.75 0-45.25s32.75-12.5 45.25 0l192 192c12.5 12.5 12.5 32.75 0 45.25l-192 192C112.4 476.9 104.2 480 96 480z\"><\/path><\/svg><\/span><span class=\"uagb-icon-list__label\">Shared washing machine, dryer, ironing board and iron<\/span><\/div>\n\n\n\n<div class=\"wp-block-uagb-icon-list-child uagb-block-53960ca5\"><span class=\"uagb-icon-list__source-wrap\"><svg xmlns=\"https:\/\/www.w3.org\/2000\/svg\" viewbox=\"0 0 320 512\"><path d=\"M96 480c-8.188 0-16.38-3.125-22.62-9.375c-12.5-12.5-12.5-32.75 0-45.25L242.8 256L73.38 86.63c-12.5-12.5-12.5-32.75 0-45.25s32.75-12.5 45.25 0l192 192c12.5 12.5 12.5 32.75 0 45.25l-192 192C112.4 476.9 104.2 480 96 480z\"><\/path><\/svg><\/span><span class=\"uagb-icon-list__label\">A common barbecue,<\/span><\/div>\n\n\n\n<div class=\"wp-block-uagb-icon-list-child uagb-block-d57e2bda\"><span class=\"uagb-icon-list__source-wrap\"><svg xmlns=\"https:\/\/www.w3.org\/2000\/svg\" viewbox=\"0 0 320 512\"><path d=\"M96 480c-8.188 0-16.38-3.125-22.62-9.375c-12.5-12.5-12.5-32.75 0-45.25L242.8 256L73.38 86.63c-12.5-12.5-12.5-32.75 0-45.25s32.75-12.5 45.25 0l192 192c12.5 12.5 12.5 32.75 0 45.25l-192 192C112.4 476.9 104.2 480 96 480z\"><\/path><\/svg><\/span><span class=\"uagb-icon-list__label\">Playground for children aged 3 to 12 years,<\/span><\/div>\n\n\n\n<div class=\"wp-block-uagb-icon-list-child uagb-block-47098e5a\"><span class=\"uagb-icon-list__source-wrap\"><svg xmlns=\"https:\/\/www.w3.org\/2000\/svg\" viewbox=\"0 0 320 512\"><path d=\"M96 480c-8.188 0-16.38-3.125-22.62-9.375c-12.5-12.5-12.5-32.75 0-45.25L242.8 256L73.38 86.63c-12.5-12.5-12.5-32.75 0-45.25s32.75-12.5 45.25 0l192 192c12.5 12.5 12.5 32.75 0 45.25l-192 192C112.4 476.9 104.2 480 96 480z\"><\/path><\/svg><\/span><span class=\"uagb-icon-list__label\">Relaxation room with books and board games.<\/span><\/div>\n<\/div><\/div>\n\n\n\n<p>A petanque court, a sports complex (stadium, tennis courts and gymnasium) and a kindergarten adjoin the park. <\/p>\n<\/div>\n\n\n\n<div class=\"wp-block-uagb-container uagb-block-6045b1cc\">\n<div class=\"wp-block-uagb-container uagb-block-7bd7977b\">\n<div class=\"wp-block-uagb-info-box uagb-block-99772b59 uagb-infobox__content-wrap  uagb-infobox-icon-above-title uagb-infobox-image-valign-top\"><div class=\"uagb-ifb-content\"><div class=\"uagb-ifb-image-content\"><img decoding=\"async\" src=\"https:\/\/www.lestheoglines.fr\/wp-content\/uploads\/2023\/05\/buanderie.png\" alt=\"\" width=\"92\" height=\"102\" loading=\"lazy\"\/><\/div><div class=\"uagb-ifb-title-wrap\"><\/div><\/div><\/div>\n\n\n\n<div class=\"wp-block-uagb-info-box uagb-block-0e54f0a5 uagb-infobox__content-wrap  uagb-infobox-icon-above-title uagb-infobox-image-valign-top\"><div class=\"uagb-ifb-content\"><div class=\"uagb-ifb-image-content\"><img decoding=\"async\" src=\"https:\/\/www.lestheoglines.fr\/wp-content\/uploads\/2023\/05\/aire-de-jeux.png\" alt=\"\" width=\"121\" height=\"111\" loading=\"lazy\"\/><\/div><div class=\"uagb-ifb-title-wrap\"><\/div><\/div><\/div>\n<\/div>\n\n\n\n<div class=\"wp-block-uagb-container uagb-block-fb004c7a\">\n<div class=\"wp-block-uagb-info-box uagb-block-b51d8083 uagb-infobox__content-wrap  uagb-infobox-icon-above-title uagb-infobox-image-valign-top\"><div class=\"uagb-ifb-content\"><div class=\"uagb-ifb-image-content\"><img decoding=\"async\" src=\"https:\/\/www.lestheoglines.fr\/wp-content\/uploads\/2023\/05\/barbecue.png\" alt=\"\" width=\"108\" height=\"107\" loading=\"lazy\"\/><\/div><div class=\"uagb-ifb-title-wrap\"><\/div><\/div><\/div>\n\n\n\n<div class=\"wp-block-uagb-info-box uagb-block-b14fd75b uagb-infobox__content-wrap  uagb-infobox-icon-above-title uagb-infobox-image-valign-top\"><div class=\"uagb-ifb-content\"><div class=\"uagb-ifb-image-content\"><img decoding=\"async\" src=\"https:\/\/www.lestheoglines.fr\/wp-content\/uploads\/2023\/05\/espace-detente.png\" alt=\"\" width=\"141\" height=\"112\" loading=\"lazy\"\/><\/div><div class=\"uagb-ifb-title-wrap\"><\/div><\/div><\/div>\n<\/div>\n<\/div>\n<\/div><\/div>\n\n\n\n<div class=\"wp-block-uagb-container uagb-block-ba0e8be5 alignfull uagb-is-root-container\"><div class=\"uagb-container-inner-blocks-wrap\">\n<div class=\"wp-block-uagb-container uagb-block-6c538aa7\">\n<div class=\"wp-block-uagb-advanced-heading uagb-block-52ff4250\"><h3 class=\"uagb-heading-text\"><strong>Services at 400m, in the village:<\/strong><\/h3><\/div>\n\n\n\n<div class=\"wp-block-uagb-icon-list uagb-block-35e71ec9\"><div class=\"uagb-icon-list__wrap\">\n<div class=\"wp-block-uagb-icon-list-child uagb-block-2fb39cac\"><span class=\"uagb-icon-list__source-wrap\"><svg xmlns=\"https:\/\/www.w3.org\/2000\/svg\" viewbox=\"0 0 320 512\"><path d=\"M96 480c-8.188 0-16.38-3.125-22.62-9.375c-12.5-12.5-12.5-32.75 0-45.25L242.8 256L73.38 86.63c-12.5-12.5-12.5-32.75 0-45.25s32.75-12.5 45.25 0l192 192c12.5 12.5 12.5 32.75 0 45.25l-192 192C112.4 476.9 104.2 480 96 480z\"><\/path><\/svg><\/span><span class=\"uagb-icon-list__label\">Doctor,<\/span><\/div>\n\n\n\n<div class=\"wp-block-uagb-icon-list-child uagb-block-588e1011\"><span class=\"uagb-icon-list__source-wrap\"><svg xmlns=\"https:\/\/www.w3.org\/2000\/svg\" viewbox=\"0 0 320 512\"><path d=\"M96 480c-8.188 0-16.38-3.125-22.62-9.375c-12.5-12.5-12.5-32.75 0-45.25L242.8 256L73.38 86.63c-12.5-12.5-12.5-32.75 0-45.25s32.75-12.5 45.25 0l192 192c12.5 12.5 12.5 32.75 0 45.25l-192 192C112.4 476.9 104.2 480 96 480z\"><\/path><\/svg><\/span><span class=\"uagb-icon-list__label\">A bar hotel, a bar hotel restaurant, a bakery\/grocery, a pizzeria with pizzas and takeaway food,<\/span><\/div>\n\n\n\n<div class=\"wp-block-uagb-icon-list-child uagb-block-6aa37173\"><span class=\"uagb-icon-list__source-wrap\"><svg xmlns=\"https:\/\/www.w3.org\/2000\/svg\" viewbox=\"0 0 320 512\"><path d=\"M96 480c-8.188 0-16.38-3.125-22.62-9.375c-12.5-12.5-12.5-32.75 0-45.25L242.8 256L73.38 86.63c-12.5-12.5-12.5-32.75 0-45.25s32.75-12.5 45.25 0l192 192c12.5 12.5 12.5 32.75 0 45.25l-192 192C112.4 476.9 104.2 480 96 480z\"><\/path><\/svg><\/span><span class=\"uagb-icon-list__label\">A small supermarket<\/span><\/div>\n\n\n\n<div class=\"wp-block-uagb-icon-list-child uagb-block-da79b6e5\"><span class=\"uagb-icon-list__source-wrap\"><svg xmlns=\"https:\/\/www.w3.org\/2000\/svg\" viewbox=\"0 0 320 512\"><path d=\"M96 480c-8.188 0-16.38-3.125-22.62-9.375c-12.5-12.5-12.5-32.75 0-45.25L242.8 256L73.38 86.63c-12.5-12.5-12.5-32.75 0-45.25s32.75-12.5 45.25 0l192 192c12.5 12.5 12.5 32.75 0 45.25l-192 192C112.4 476.9 104.2 480 96 480z\"><\/path><\/svg><\/span><span class=\"uagb-icon-list__label\">Railway station,<\/span><\/div>\n\n\n\n<div class=\"wp-block-uagb-icon-list-child uagb-block-ae013a48\"><span class=\"uagb-icon-list__source-wrap\"><svg xmlns=\"https:\/\/www.w3.org\/2000\/svg\" viewbox=\"0 0 320 512\"><path d=\"M96 480c-8.188 0-16.38-3.125-22.62-9.375c-12.5-12.5-12.5-32.75 0-45.25L242.8 256L73.38 86.63c-12.5-12.5-12.5-32.75 0-45.25s32.75-12.5 45.25 0l192 192c12.5 12.5 12.5 32.75 0 45.25l-192 192C112.4 476.9 104.2 480 96 480z\"><\/path><\/svg><\/span><span class=\"uagb-icon-list__label\">Tourist office, municipal services.<\/span><\/div>\n<\/div><\/div>\n<\/div>\n\n\n\n<div class=\"wp-block-uagb-container uagb-block-4fea72b2\">\n<div class=\"wp-block-uagb-advanced-heading uagb-block-83045a3a\"><h3 class=\"uagb-heading-text\"><strong>Local services :<\/strong><\/h3><\/div>\n\n\n\n<div class=\"wp-block-uagb-icon-list uagb-block-4d67dfa8\"><div class=\"uagb-icon-list__wrap\">\n<div class=\"wp-block-uagb-icon-list-child uagb-block-a48123ff\"><span class=\"uagb-icon-list__source-wrap\"><svg xmlns=\"https:\/\/www.w3.org\/2000\/svg\" viewbox=\"0 0 320 512\"><path d=\"M96 480c-8.188 0-16.38-3.125-22.62-9.375c-12.5-12.5-12.5-32.75 0-45.25L242.8 256L73.38 86.63c-12.5-12.5-12.5-32.75 0-45.25s32.75-12.5 45.25 0l192 192c12.5 12.5 12.5 32.75 0 45.25l-192 192C112.4 476.9 104.2 480 96 480z\"><\/path><\/svg><\/span><span class=\"uagb-icon-list__label\">5 kms away : Pharmacy, Fire station and gendarmerie, Gas station.<\/span><\/div>\n\n\n\n<div class=\"wp-block-uagb-icon-list-child uagb-block-b60263d3\"><span class=\"uagb-icon-list__source-wrap\"><svg xmlns=\"https:\/\/www.w3.org\/2000\/svg\" viewbox=\"0 0 320 512\"><path d=\"M96 480c-8.188 0-16.38-3.125-22.62-9.375c-12.5-12.5-12.5-32.75 0-45.25L242.8 256L73.38 86.63c-12.5-12.5-12.5-32.75 0-45.25s32.75-12.5 45.25 0l192 192c12.5 12.5 12.5 32.75 0 45.25l-192 192C112.4 476.9 104.2 480 96 480z\"><\/path><\/svg><\/span><span class=\"uagb-icon-list__label\"><br>9 kms away: Ax-Les-Thermes with casino, cinema, disco, ice rink, thermal baths...<\/span><\/div>\n<\/div><\/div>\n<\/div>\n<\/div><\/div>\n\n\n\n<div class=\"wp-block-uagb-container uagb-block-15197e3a alignfull uagb-is-root-container\"><div class=\"uagb-container-inner-blocks-wrap\">\n<div class=\"wp-block-uagb-advanced-heading uagb-block-f5d9ca21\"><h2 class=\"uagb-heading-text\">Access<\/h2><div class=\"uagb-separator\"><\/div><\/div>\n\n\n\t\t\t<div \n\t\t\tclass=\"wp-block-uagb-google-map uagb-google-map__wrap uagb-block-00a3099a\"\n\t\t\tstyle=\"\" >\n\t\t\t\t<iframe\n\t\t\t\t\tclass=\"uagb-google-map__iframe\"\n\t\t\t\t\ttitle=\"Google Map for \"\n\t\t\t\t\tsrc=\"https:\/\/maps.google.com\/maps?q=1%20Route%20de%20Vernaux%2009250%20GARANOU&#038;z=12&#038;hl=fr&#038;t=m&#038;output=embed&#038;iwloc=near\"\n\t\t\t\t\twidth=\"640\"\n\t\t\t\t\theight=\"479\"\n\t\t\t\t\tloading=\"lazy\"\n\t\t\t\t><\/iframe>\n\t\t\t<\/div>\n\t\t\t<\/div><\/div>","protected":false},"excerpt":{"rendered":"<p>Le Parc Au Parc R\u00e9sidentiel de Loisirs \u00ab\u00a0Les Th\u00e9oglines\u00a0\u00bb, venez profiter de la qui\u00e9tude d&rsquo;une vall\u00e9e berc\u00e9e au rythme des saisons par des paysages vari\u00e9s et des activit\u00e9s nombreuses et diverses avec un accueil dans un site privil\u00e9gi\u00e9. Nich\u00e9 dans le village de Garanou, \u00ab\u00a0Les Th\u00e9oglines\u00a0\u00bb vous offriront lors de votre s\u00e9jour l&rsquo;ambiance familiale et [&hellip;]<\/p>","protected":false},"author":1,"featured_media":0,"parent":0,"menu_order":2,"comment_status":"closed","ping_status":"closed","template":"","meta":{"_uag_custom_page_level_css":"","site-sidebar-layout":"no-sidebar","site-content-layout":"page-builder","ast-site-content-layout":"default","site-content-style":"default","site-sidebar-style":"default","ast-global-header-display":"","ast-banner-title-visibility":"","ast-main-header-display":"","ast-hfb-above-header-display":"","ast-hfb-below-header-display":"","ast-hfb-mobile-header-display":"","site-post-title":"disabled","ast-breadcrumbs-content":"","ast-featured-img":"disabled","footer-sml-layout":"","ast-disable-related-posts":"","theme-transparent-header-meta":"enabled","adv-header-id-meta":"","stick-header-meta":"","header-above-stick-meta":"","header-main-stick-meta":"","header-below-stick-meta":"","astra-migrate-meta-layouts":"default","ast-page-background-enabled":"default","ast-page-background-meta":{"desktop":{"background-color":"var(--ast-global-color-4)","background-image":"","background-repeat":"repeat","background-position":"center center","background-size":"auto","background-attachment":"scroll","background-type":"","background-media":"","overlay-type":"","overlay-color":"","overlay-opacity":"","overlay-gradient":""},"tablet":{"background-color":"","background-image":"","background-repeat":"repeat","background-position":"center center","background-size":"auto","background-attachment":"scroll","background-type":"","background-media":"","overlay-type":"","overlay-color":"","overlay-opacity":"","overlay-gradient":""},"mobile":{"background-color":"","background-image":"","background-repeat":"repeat","background-position":"center center","background-size":"auto","background-attachment":"scroll","background-type":"","background-media":"","overlay-type":"","overlay-color":"","overlay-opacity":"","overlay-gradient":""}},"ast-content-background-meta":{"desktop":{"background-color":"var(--ast-global-color-5)","background-image":"","background-repeat":"repeat","background-position":"center center","background-size":"auto","background-attachment":"scroll","background-type":"","background-media":"","overlay-type":"","overlay-color":"","overlay-opacity":"","overlay-gradient":""},"tablet":{"background-color":"var(--ast-global-color-5)","background-image":"","background-repeat":"repeat","background-position":"center center","background-size":"auto","background-attachment":"scroll","background-type":"","background-media":"","overlay-type":"","overlay-color":"","overlay-opacity":"","overlay-gradient":""},"mobile":{"background-color":"var(--ast-global-color-5)","background-image":"","background-repeat":"repeat","background-position":"center center","background-size":"auto","background-attachment":"scroll","background-type":"","background-media":"","overlay-type":"","overlay-color":"","overlay-opacity":"","overlay-gradient":""}},"footnotes":""},"class_list":["post-2072","page","type-page","status-publish","hentry"],"yoast_head":"<!-- This site is optimized with the Yoast SEO plugin v20.10 - https:\/\/yoast.com\/wordpress\/plugins\/seo\/ -->\n<title>Le parc - Les Th\u00e9oglines<\/title>\n<meta name=\"description\" content=\"Nich\u00e9 dans le village de Garanou, &quot;Les Th\u00e9oglines&quot; vous offriront lors de votre s\u00e9jour l&#039;ambiance familiale et la tranquillit\u00e9 d&#039;un village.\" \/>\n<meta name=\"robots\" content=\"index, follow, max-snippet:-1, max-image-preview:large, max-video-preview:-1\" \/>\n<link rel=\"canonical\" href=\"https:\/\/www.lestheoglines.fr\/en\/le-parc\/\" \/>\n<meta property=\"og:locale\" content=\"en_GB\" \/>\n<meta property=\"og:type\" content=\"article\" \/>\n<meta property=\"og:title\" content=\"Le parc - Les Th\u00e9oglines\" \/>\n<meta property=\"og:description\" content=\"Nich\u00e9 dans le village de Garanou, &quot;Les Th\u00e9oglines&quot; vous offriront lors de votre s\u00e9jour l&#039;ambiance familiale et la tranquillit\u00e9 d&#039;un village.\" \/>\n<meta property=\"og:url\" content=\"https:\/\/www.lestheoglines.fr\/en\/le-parc\/\" \/>\n<meta property=\"og:site_name\" content=\"Les Th\u00e9oglines\" \/>\n<meta property=\"article:modified_time\" content=\"2023-05-12T14:39:14+00:00\" \/>\n<meta property=\"og:image\" content=\"https:\/\/www.lestheoglines.fr\/wp-content\/uploads\/2023\/05\/p002_1_4.jpg\" \/>\n<meta name=\"twitter:card\" content=\"summary_large_image\" \/>\n<meta name=\"twitter:label1\" content=\"Estimated reading time\" \/>\n\t<meta name=\"twitter:data1\" content=\"3 minutes\" \/>\n<script type=\"application\/ld+json\" class=\"yoast-schema-graph\">{\"@context\":\"https:\/\/schema.org\",\"@graph\":[{\"@type\":\"WebPage\",\"@id\":\"https:\/\/www.lestheoglines.fr\/le-parc\/\",\"url\":\"https:\/\/www.lestheoglines.fr\/le-parc\/\",\"name\":\"Le parc - Les Th\u00e9oglines\",\"isPartOf\":{\"@id\":\"https:\/\/www.lestheoglines.fr\/#website\"},\"datePublished\":\"2023-05-05T12:08:43+00:00\",\"dateModified\":\"2023-05-12T14:39:14+00:00\",\"description\":\"Nich\u00e9 dans le village de Garanou, \\\"Les Th\u00e9oglines\\\" vous offriront lors de votre s\u00e9jour l'ambiance familiale et la tranquillit\u00e9 d'un village.\",\"breadcrumb\":{\"@id\":\"https:\/\/www.lestheoglines.fr\/le-parc\/#breadcrumb\"},\"inLanguage\":\"en-GB\",\"potentialAction\":[{\"@type\":\"ReadAction\",\"target\":[\"https:\/\/www.lestheoglines.fr\/le-parc\/\"]}]},{\"@type\":\"BreadcrumbList\",\"@id\":\"https:\/\/www.lestheoglines.fr\/le-parc\/#breadcrumb\",\"itemListElement\":[{\"@type\":\"ListItem\",\"position\":1,\"name\":\"Accueil\",\"item\":\"https:\/\/www.lestheoglines.fr\/\"},{\"@type\":\"ListItem\",\"position\":2,\"name\":\"Le parc\"}]},{\"@type\":\"WebSite\",\"@id\":\"https:\/\/www.lestheoglines.fr\/#website\",\"url\":\"https:\/\/www.lestheoglines.fr\/\",\"name\":\"Les Th\u00e9oglines\",\"description\":\"Parc r\u00e9sidentiel de loisirs\",\"publisher\":{\"@id\":\"https:\/\/www.lestheoglines.fr\/#organization\"},\"potentialAction\":[{\"@type\":\"SearchAction\",\"target\":{\"@type\":\"EntryPoint\",\"urlTemplate\":\"https:\/\/www.lestheoglines.fr\/?s={search_term_string}\"},\"query-input\":\"required name=search_term_string\"}],\"inLanguage\":\"en-GB\"},{\"@type\":\"Organization\",\"@id\":\"https:\/\/www.lestheoglines.fr\/#organization\",\"name\":\"Les Th\u00e9oglines\",\"url\":\"https:\/\/www.lestheoglines.fr\/\",\"logo\":{\"@type\":\"ImageObject\",\"inLanguage\":\"en-GB\",\"@id\":\"https:\/\/www.lestheoglines.fr\/#\/schema\/logo\/image\/\",\"url\":\"https:\/\/www.lestheoglines.fr\/wp-content\/uploads\/2023\/05\/logo-theoglines.png\",\"contentUrl\":\"https:\/\/www.lestheoglines.fr\/wp-content\/uploads\/2023\/05\/logo-theoglines.png\",\"width\":309,\"height\":89,\"caption\":\"Les Th\u00e9oglines\"},\"image\":{\"@id\":\"https:\/\/www.lestheoglines.fr\/#\/schema\/logo\/image\/\"}}]}<\/script>\n<!-- \/ Yoast SEO plugin. -->","yoast_head_json":{"title":"Le parc - Les Th\u00e9oglines","description":"Nich\u00e9 dans le village de Garanou, \"Les Th\u00e9oglines\" vous offriront lors de votre s\u00e9jour l'ambiance familiale et la tranquillit\u00e9 d'un village.","robots":{"index":"index","follow":"follow","max-snippet":"max-snippet:-1","max-image-preview":"max-image-preview:large","max-video-preview":"max-video-preview:-1"},"canonical":"https:\/\/www.lestheoglines.fr\/en\/le-parc\/","og_locale":"en_GB","og_type":"article","og_title":"Le parc - Les Th\u00e9oglines","og_description":"Nich\u00e9 dans le village de Garanou, \"Les Th\u00e9oglines\" vous offriront lors de votre s\u00e9jour l'ambiance familiale et la tranquillit\u00e9 d'un village.","og_url":"https:\/\/www.lestheoglines.fr\/en\/le-parc\/","og_site_name":"Les Th\u00e9oglines","article_modified_time":"2023-05-12T14:39:14+00:00","og_image":[{"url":"https:\/\/www.lestheoglines.fr\/wp-content\/uploads\/2023\/05\/p002_1_4.jpg"}],"twitter_card":"summary_large_image","twitter_misc":{"Estimated reading time":"3 minutes"},"schema":{"@context":"https:\/\/schema.org","@graph":[{"@type":"WebPage","@id":"https:\/\/www.lestheoglines.fr\/le-parc\/","url":"https:\/\/www.lestheoglines.fr\/le-parc\/","name":"Le parc - Les Th\u00e9oglines","isPartOf":{"@id":"https:\/\/www.lestheoglines.fr\/#website"},"datePublished":"2023-05-05T12:08:43+00:00","dateModified":"2023-05-12T14:39:14+00:00","description":"Nich\u00e9 dans le village de Garanou, \"Les Th\u00e9oglines\" vous offriront lors de votre s\u00e9jour l'ambiance familiale et la tranquillit\u00e9 d'un village.","breadcrumb":{"@id":"https:\/\/www.lestheoglines.fr\/le-parc\/#breadcrumb"},"inLanguage":"en-GB","potentialAction":[{"@type":"ReadAction","target":["https:\/\/www.lestheoglines.fr\/le-parc\/"]}]},{"@type":"BreadcrumbList","@id":"https:\/\/www.lestheoglines.fr\/le-parc\/#breadcrumb","itemListElement":[{"@type":"ListItem","position":1,"name":"Accueil","item":"https:\/\/www.lestheoglines.fr\/"},{"@type":"ListItem","position":2,"name":"Le parc"}]},{"@type":"WebSite","@id":"https:\/\/www.lestheoglines.fr\/#website","url":"https:\/\/www.lestheoglines.fr\/","name":"Les Th\u00e9oglines","description":"Parc r\u00e9sidentiel de loisirs","publisher":{"@id":"https:\/\/www.lestheoglines.fr\/#organization"},"potentialAction":[{"@type":"SearchAction","target":{"@type":"EntryPoint","urlTemplate":"https:\/\/www.lestheoglines.fr\/?s={search_term_string}"},"query-input":"required name=search_term_string"}],"inLanguage":"en-GB"},{"@type":"Organization","@id":"https:\/\/www.lestheoglines.fr\/#organization","name":"Les Th\u00e9oglines","url":"https:\/\/www.lestheoglines.fr\/","logo":{"@type":"ImageObject","inLanguage":"en-GB","@id":"https:\/\/www.lestheoglines.fr\/#\/schema\/logo\/image\/","url":"https:\/\/www.lestheoglines.fr\/wp-content\/uploads\/2023\/05\/logo-theoglines.png","contentUrl":"https:\/\/www.lestheoglines.fr\/wp-content\/uploads\/2023\/05\/logo-theoglines.png","width":309,"height":89,"caption":"Les Th\u00e9oglines"},"image":{"@id":"https:\/\/www.lestheoglines.fr\/#\/schema\/logo\/image\/"}}]}},"uagb_featured_image_src":{"full":false,"thumbnail":false,"medium":false,"medium_large":false,"large":false,"1536x1536":false,"2048x2048":false,"trp-custom-language-flag":false},"uagb_author_info":{"display_name":"admin","author_link":"https:\/\/www.lestheoglines.fr\/en\/author\/admin\/"},"uagb_comment_info":0,"uagb_excerpt":"Le Parc Au Parc R\u00e9sidentiel de Loisirs \u00ab\u00a0Les Th\u00e9oglines\u00a0\u00bb, venez profiter de la qui\u00e9tude d&rsquo;une vall\u00e9e berc\u00e9e au rythme des saisons par des paysages vari\u00e9s et des activit\u00e9s nombreuses et diverses avec un accueil dans un site privil\u00e9gi\u00e9. Nich\u00e9 dans le village de Garanou, \u00ab\u00a0Les Th\u00e9oglines\u00a0\u00bb vous offriront lors de votre s\u00e9jour l&rsquo;ambiance familiale et&hellip;","_links":{"self":[{"href":"https:\/\/www.lestheoglines.fr\/en\/wp-json\/wp\/v2\/pages\/2072","targetHints":{"allow":["GET"]}}],"collection":[{"href":"https:\/\/www.lestheoglines.fr\/en\/wp-json\/wp\/v2\/pages"}],"about":[{"href":"https:\/\/www.lestheoglines.fr\/en\/wp-json\/wp\/v2\/types\/page"}],"author":[{"embeddable":true,"href":"https:\/\/www.lestheoglines.fr\/en\/wp-json\/wp\/v2\/users\/1"}],"replies":[{"embeddable":true,"href":"https:\/\/www.lestheoglines.fr\/en\/wp-json\/wp\/v2\/comments?post=2072"}],"version-history":[{"count":50,"href":"https:\/\/www.lestheoglines.fr\/en\/wp-json\/wp\/v2\/pages\/2072\/revisions"}],"predecessor-version":[{"id":2644,"href":"https:\/\/www.lestheoglines.fr\/en\/wp-json\/wp\/v2\/pages\/2072\/revisions\/2644"}],"wp:attachment":[{"href":"https:\/\/www.lestheoglines.fr\/en\/wp-json\/wp\/v2\/media?parent=2072"}],"curies":[{"name":"wp","href":"https:\/\/api.w.org\/{rel}","templated":true}]}}