{"id":1328,"date":"2022-02-24T05:05:12","date_gmt":"2022-02-24T04:05:12","guid":{"rendered":"http:\/\/www.lestheoglines.fr\/contact\/"},"modified":"2023-05-12T16:14:58","modified_gmt":"2023-05-12T14:14:58","slug":"reservations","status":"publish","type":"page","link":"https:\/\/www.lestheoglines.fr\/en\/reservations\/","title":{"rendered":"Bookings"},"content":{"rendered":"<div class=\"wp-block-uagb-container uagb-block-1ab48156 alignfull uagb-is-root-container\"><div class=\"uagb-container-inner-blocks-wrap\">\n<div class=\"wp-block-uagb-advanced-heading uagb-block-5e87b0c7\"><h1 class=\"uagb-heading-text\">Bookings<\/h1><\/div>\n<\/div><\/div>\n\n\n\n<div class=\"wp-block-uagb-container uagb-block-fc50cc50 alignfull uagb-is-root-container\"><div class=\"uagb-container-inner-blocks-wrap\">\n<div class=\"wp-block-uagb-container uagb-block-4eb54f81\">\n<div class=\"wp-block-uagb-advanced-heading uagb-block-1d4933db\"><h2 class=\"uagb-heading-text\">Booking form<\/h2><div class=\"uagb-separator\"><\/div><\/div>\n\n\n\n<div class=\"wpcf7 no-js\" id=\"wpcf7-f9-o1\" lang=\"fr-FR\" dir=\"ltr\">\n<div class=\"screen-reader-response\"><p role=\"status\" aria-live=\"polite\" aria-atomic=\"true\"><\/p> <ul><\/ul><\/div>\n<form action=\"\/en\/wp-json\/wp\/v2\/pages\/1328#wpcf7-f9-o1\" method=\"post\" class=\"wpcf7-form init\" aria-label=\"Formulaire de contact\" novalidate=\"novalidate\" data-status=\"init\" data-trp-original-action=\"\/en\/wp-json\/wp\/v2\/pages\/1328#wpcf7-f9-o1\">\n<div style=\"display: none;\">\n<input type=\"hidden\" name=\"_wpcf7\" value=\"9\" \/>\n<input type=\"hidden\" name=\"_wpcf7_version\" value=\"5.7.7\" \/>\n<input type=\"hidden\" name=\"_wpcf7_locale\" value=\"fr_FR\" \/>\n<input type=\"hidden\" name=\"_wpcf7_unit_tag\" value=\"wpcf7-f9-o1\" \/>\n<input type=\"hidden\" name=\"_wpcf7_container_post\" value=\"0\" \/>\n<input type=\"hidden\" name=\"_wpcf7_posted_data_hash\" value=\"\" \/>\n<input type=\"hidden\" name=\"_wpcf7_recaptcha_response\" value=\"\" \/>\n<\/div>\n<p><label> Lastname*<br \/>\n<span class=\"wpcf7-form-control-wrap\" data-name=\"nom\"><input size=\"40\" class=\"wpcf7-form-control wpcf7-text wpcf7-validates-as-required\" aria-required=\"true\" aria-invalid=\"false\" value=\"\" type=\"text\" name=\"nom\" \/><\/span> <\/label>\n<\/p>\n<p><label> Home address<br \/>\n<span class=\"wpcf7-form-control-wrap\" data-name=\"adresse\"><input size=\"40\" class=\"wpcf7-form-control wpcf7-text\" aria-invalid=\"false\" value=\"\" type=\"text\" name=\"adresse\" \/><\/span> <\/label>\n<\/p>\n<p><label> Contact e-mail<br \/>\n<span class=\"wpcf7-form-control-wrap\" data-name=\"email\"><input size=\"40\" class=\"wpcf7-form-control wpcf7-text wpcf7-email wpcf7-validates-as-required wpcf7-validates-as-email\" aria-required=\"true\" aria-invalid=\"false\" value=\"\" type=\"email\" name=\"email\" \/><\/span> <\/label>\n<\/p>\n<p><label> Num\u00e9ro de t\u00e9l\u00e9phone*<br \/>\n<span class=\"wpcf7-form-control-wrap\" data-name=\"tel\"><input size=\"40\" class=\"wpcf7-form-control wpcf7-text wpcf7-tel wpcf7-validates-as-required wpcf7-validates-as-tel\" aria-required=\"true\" aria-invalid=\"false\" value=\"\" type=\"tel\" name=\"tel\" \/><\/span> <\/label>\n<\/p>\n<p><label> Chalet d\u00e9sir\u00e9*<br \/>\n<span class=\"wpcf7-form-control-wrap\" data-name=\"chalets\"><select class=\"wpcf7-form-control wpcf7-select wpcf7-validates-as-required\" aria-required=\"true\" aria-invalid=\"false\" name=\"chalets\"><option value=\"Le Cabanat (max 7 pers)\">Le Cabanat (max 7 pers)<\/option><option value=\"Le Cantou (max 5 pers)\">Le Cantou (max 5 pers)<\/option><option value=\"Le Crambot (max 5 pers)\">Le Crambot (max 5 pers)<\/option><\/select><\/span> <\/label>\n<\/p>\n<p><label class=\"label-number\"> Nombre de personnes*<\/label>\n<\/p>\n<div class=\"form-number\">\n\t<p><span class=\"wpcf7-form-control-wrap\" data-name=\"adultes\"><input class=\"wpcf7-form-control wpcf7-number wpcf7-validates-as-required wpcf7-validates-as-number\" aria-required=\"true\" aria-invalid=\"false\" placeholder=\"Adultes\" value=\"\" type=\"number\" name=\"adultes\" \/><\/span><span class=\"wpcf7-form-control-wrap\" data-name=\"enfants\"><input class=\"wpcf7-form-control wpcf7-number wpcf7-validates-as-required wpcf7-validates-as-number\" aria-required=\"true\" aria-invalid=\"false\" placeholder=\"Enfants\" value=\"\" type=\"number\" name=\"enfants\" \/><\/span>\n\t<\/p>\n<\/div>\n<p><label> Preferred booking dates*<br \/>\n<span class=\"wpcf7-form-control-wrap\" data-name=\"dates\"><input size=\"40\" class=\"wpcf7-form-control wpcf7-text wpcf7-validates-as-required\" aria-required=\"true\" aria-invalid=\"false\" value=\"\" type=\"text\" name=\"dates\" \/><\/span> <\/label>\n<\/p>\n<p><span class=\"wpcf7-form-control-wrap\" data-name=\"rgpd\"><span class=\"wpcf7-form-control wpcf7-checkbox wpcf7-validates-as-required\"><span class=\"wpcf7-list-item first last\"><label><input type=\"checkbox\" name=\"rgpd[]\" value=\"J&#039;accepte que Les Th\u00e9oglines collecte et utilise les donn\u00e9es personnelles renseign\u00e9es dans ce formulaire\" \/><span class=\"wpcf7-list-item-label\">I agree that Les Th\u00e9oglines may collect and use the personal data provided in this form<\/span><\/label><\/span><\/span><\/span>\n<\/p>\n<p class=\"vieprivee\">For more information, you can consult our <a href=\"https:\/\/www.lestheoglines.fr\/en\/politique-de-confidentialite\/\" target=\"_blank\">privacy policy page<\/a>\n<\/p>\n<p><input class=\"wpcf7-form-control has-spinner wpcf7-submit\" type=\"submit\" value=\"Send\" \/>\n<\/p><div class=\"wpcf7-response-output\" aria-hidden=\"true\"><\/div>\n<input type=\"hidden\" name=\"trp-form-language\" value=\"en\"\/><\/form>\n<\/div>\n\n<\/div>\n\n\n\n<div class=\"wp-block-uagb-container uagb-block-47cc88a3\">\n<div class=\"wp-block-uagb-advanced-heading uagb-block-c6d2d5e2\"><h2 class=\"uagb-heading-text\">Availabilities<\/h2><div class=\"uagb-separator\"><\/div><\/div>\n\n\n\n<div class=\"flex-caledar\">\n<div style=\"text-align:center\">\n<h3>The Cabanat<\/h3>\n<iframe src=\"https:\/\/www.shared-house.com\/calendar_iframe.php?numero=163&#038;langue=fr\" scrolling=\"no\" frameborder=\"0\" height=\"150\"\t\t\twidth=\"234\" title=\"\";><\/iframe>\n<\/div>\n<div style=\"text-align:center\">\n<h3>The Cantou<\/h3>\n<iframe src=\"https:\/\/www.shared-house.com\/calendar_iframe.php?numero=167&#038;langue=fr\" scrolling=\"no\" frameborder=\"0\" height=\"150\"\t\t\twidth=\"234\" title=\"\";><\/iframe>\n<\/div>\n<\/div>\n<div class=\"flex-caledar\">\n<div style=\"text-align:center\">\n<h3>The Crambot<\/h3>\n<iframe src=\"https:\/\/www.shared-house.com\/calendar_iframe.php?numero=168&#038;langue=fr\" scrolling=\"no\" frameborder=\"0\" height=\"150\"\t\t\twidth=\"234\" title=\"\";><\/iframe>\n<\/div>\n<div><br\/><p>Legend<\/p><iframe loading=\"lazy\" src=\"https:\/\/www.shared-house.com\/cal_legend_iframe.php?langue=fr\" scrolling=\"no\" frameborder=\"0\" height=\"115\" width=\"215\"\t\t\ttitle=\"\";><\/iframe><\/div>\n<\/div>\n<a style=\"text-align: center; font-size:0.75em;color:#46692A\" href=\"https:\/\/www.shared-house.com\">booking calendar powered by shared-house.com <\/a>\n\n\n\n<div class=\"wp-block-uagb-buttons uagb-buttons__outer-wrap uagb-btn__default-btn uagb-btn-tablet__default-btn uagb-btn-mobile__default-btn uagb-block-e6ac2684\"><div class=\"uagb-buttons__wrap uagb-buttons-layout-wrap\">\n<div class=\"wp-block-uagb-buttons-child uagb-buttons__outer-wrap uagb-block-6da02de8 wp-block-button is-style-outline\"><div class=\"uagb-button__wrapper\"><a class=\"uagb-buttons-repeater wp-block-button__link\" href=\"https:\/\/www.shared-house.com\/vacancy_planning.php?numero=163&amp;langue=fr\" onclick=\"return true;\" rel=\"follow noopener\" target=\"_blank\"><div class=\"uagb-button__link\">All availabilities<\/div><span class=\"uagb-button__icon uagb-button__icon-position-after\"><svg xmlns=\"https:\/\/www.w3.org\/2000\/svg\" viewbox=\"0 0 512 512\"><path d=\"M502.6 278.6l-128 128c-12.51 12.51-32.76 12.49-45.25 0c-12.5-12.5-12.5-32.75 0-45.25L402.8 288H32C14.31 288 0 273.7 0 255.1S14.31 224 32 224h370.8l-73.38-73.38c-12.5-12.5-12.5-32.75 0-45.25s32.75-12.5 45.25 0l128 128C515.1 245.9 515.1 266.1 502.6 278.6z\"><\/path><\/svg><\/span><\/a><\/div><\/div>\n<\/div><\/div>\n<\/div>\n<\/div><\/div>","protected":false},"excerpt":{"rendered":"<p>R\u00e9servations Formulaire de r\u00e9servation Disponibilit\u00e9s Le Cabanat Le Cantou Le Crambot L\u00e9gende calendrier de r\u00e9servations powered by shared-house.com<\/p>","protected":false},"author":1,"featured_media":0,"parent":0,"menu_order":6,"comment_status":"closed","ping_status":"closed","template":"","meta":{"_uag_custom_page_level_css":"","site-sidebar-layout":"no-sidebar","site-content-layout":"page-builder","ast-site-content-layout":"default","site-content-style":"default","site-sidebar-style":"default","ast-global-header-display":"","ast-banner-title-visibility":"","ast-main-header-display":"","ast-hfb-above-header-display":"","ast-hfb-below-header-display":"","ast-hfb-mobile-header-display":"","site-post-title":"disabled","ast-breadcrumbs-content":"","ast-featured-img":"disabled","footer-sml-layout":"","ast-disable-related-posts":"","theme-transparent-header-meta":"enabled","adv-header-id-meta":"","stick-header-meta":"","header-above-stick-meta":"","header-main-stick-meta":"","header-below-stick-meta":"","astra-migrate-meta-layouts":"default","ast-page-background-enabled":"default","ast-page-background-meta":{"desktop":{"background-color":"var(--ast-global-color-4)","background-image":"","background-repeat":"repeat","background-position":"center center","background-size":"auto","background-attachment":"scroll","background-type":"","background-media":"","overlay-type":"","overlay-color":"","overlay-opacity":"","overlay-gradient":""},"tablet":{"background-color":"","background-image":"","background-repeat":"repeat","background-position":"center center","background-size":"auto","background-attachment":"scroll","background-type":"","background-media":"","overlay-type":"","overlay-color":"","overlay-opacity":"","overlay-gradient":""},"mobile":{"background-color":"","background-image":"","background-repeat":"repeat","background-position":"center center","background-size":"auto","background-attachment":"scroll","background-type":"","background-media":"","overlay-type":"","overlay-color":"","overlay-opacity":"","overlay-gradient":""}},"ast-content-background-meta":{"desktop":{"background-color":"var(--ast-global-color-5)","background-image":"","background-repeat":"repeat","background-position":"center center","background-size":"auto","background-attachment":"scroll","background-type":"","background-media":"","overlay-type":"","overlay-color":"","overlay-opacity":"","overlay-gradient":""},"tablet":{"background-color":"var(--ast-global-color-5)","background-image":"","background-repeat":"repeat","background-position":"center center","background-size":"auto","background-attachment":"scroll","background-type":"","background-media":"","overlay-type":"","overlay-color":"","overlay-opacity":"","overlay-gradient":""},"mobile":{"background-color":"var(--ast-global-color-5)","background-image":"","background-repeat":"repeat","background-position":"center center","background-size":"auto","background-attachment":"scroll","background-type":"","background-media":"","overlay-type":"","overlay-color":"","overlay-opacity":"","overlay-gradient":""}},"footnotes":""},"class_list":["post-1328","page","type-page","status-publish","hentry"],"yoast_head":"<!-- This site is optimized with the Yoast SEO plugin v20.10 - https:\/\/yoast.com\/wordpress\/plugins\/seo\/ -->\n<title>R\u00e9servations - Les Th\u00e9oglines<\/title>\n<meta name=\"description\" content=\"Pour vos vacances, r\u00e9servez votre s\u00e9jour \u00e0 la montagne dans nos chalets en bois pouvant accueillir jusqu&#039;\u00e0 7 personnes.\" \/>\n<meta name=\"robots\" content=\"index, follow, max-snippet:-1, max-image-preview:large, max-video-preview:-1\" \/>\n<link rel=\"canonical\" href=\"https:\/\/www.lestheoglines.fr\/en\/reservations\/\" \/>\n<meta property=\"og:locale\" content=\"en_GB\" \/>\n<meta property=\"og:type\" content=\"article\" \/>\n<meta property=\"og:title\" content=\"R\u00e9servations - Les Th\u00e9oglines\" \/>\n<meta property=\"og:description\" content=\"Pour vos vacances, r\u00e9servez votre s\u00e9jour \u00e0 la montagne dans nos chalets en bois pouvant accueillir jusqu&#039;\u00e0 7 personnes.\" \/>\n<meta property=\"og:url\" content=\"https:\/\/www.lestheoglines.fr\/en\/reservations\/\" \/>\n<meta property=\"og:site_name\" content=\"Les Th\u00e9oglines\" \/>\n<meta property=\"article:modified_time\" content=\"2023-05-12T14:14:58+00:00\" \/>\n<meta name=\"twitter:card\" content=\"summary_large_image\" \/>\n<meta name=\"twitter:label1\" content=\"Estimated reading time\" \/>\n\t<meta name=\"twitter:data1\" content=\"1 minute\" \/>\n<script type=\"application\/ld+json\" class=\"yoast-schema-graph\">{\"@context\":\"https:\/\/schema.org\",\"@graph\":[{\"@type\":\"WebPage\",\"@id\":\"https:\/\/www.lestheoglines.fr\/reservations\/\",\"url\":\"https:\/\/www.lestheoglines.fr\/reservations\/\",\"name\":\"R\u00e9servations - Les Th\u00e9oglines\",\"isPartOf\":{\"@id\":\"https:\/\/www.lestheoglines.fr\/#website\"},\"datePublished\":\"2022-02-24T04:05:12+00:00\",\"dateModified\":\"2023-05-12T14:14:58+00:00\",\"description\":\"Pour vos vacances, r\u00e9servez votre s\u00e9jour \u00e0 la montagne dans nos chalets en bois pouvant accueillir jusqu'\u00e0 7 personnes.\",\"breadcrumb\":{\"@id\":\"https:\/\/www.lestheoglines.fr\/reservations\/#breadcrumb\"},\"inLanguage\":\"en-GB\",\"potentialAction\":[{\"@type\":\"ReadAction\",\"target\":[\"https:\/\/www.lestheoglines.fr\/reservations\/\"]}]},{\"@type\":\"BreadcrumbList\",\"@id\":\"https:\/\/www.lestheoglines.fr\/reservations\/#breadcrumb\",\"itemListElement\":[{\"@type\":\"ListItem\",\"position\":1,\"name\":\"Accueil\",\"item\":\"https:\/\/www.lestheoglines.fr\/\"},{\"@type\":\"ListItem\",\"position\":2,\"name\":\"R\u00e9servations\"}]},{\"@type\":\"WebSite\",\"@id\":\"https:\/\/www.lestheoglines.fr\/#website\",\"url\":\"https:\/\/www.lestheoglines.fr\/\",\"name\":\"Les Th\u00e9oglines\",\"description\":\"Parc r\u00e9sidentiel de loisirs\",\"publisher\":{\"@id\":\"https:\/\/www.lestheoglines.fr\/#organization\"},\"potentialAction\":[{\"@type\":\"SearchAction\",\"target\":{\"@type\":\"EntryPoint\",\"urlTemplate\":\"https:\/\/www.lestheoglines.fr\/?s={search_term_string}\"},\"query-input\":\"required name=search_term_string\"}],\"inLanguage\":\"en-GB\"},{\"@type\":\"Organization\",\"@id\":\"https:\/\/www.lestheoglines.fr\/#organization\",\"name\":\"Les Th\u00e9oglines\",\"url\":\"https:\/\/www.lestheoglines.fr\/\",\"logo\":{\"@type\":\"ImageObject\",\"inLanguage\":\"en-GB\",\"@id\":\"https:\/\/www.lestheoglines.fr\/#\/schema\/logo\/image\/\",\"url\":\"https:\/\/www.lestheoglines.fr\/wp-content\/uploads\/2023\/05\/logo-theoglines.png\",\"contentUrl\":\"https:\/\/www.lestheoglines.fr\/wp-content\/uploads\/2023\/05\/logo-theoglines.png\",\"width\":309,\"height\":89,\"caption\":\"Les Th\u00e9oglines\"},\"image\":{\"@id\":\"https:\/\/www.lestheoglines.fr\/#\/schema\/logo\/image\/\"}}]}<\/script>\n<!-- \/ Yoast SEO plugin. -->","yoast_head_json":{"title":"R\u00e9servations - Les Th\u00e9oglines","description":"Pour vos vacances, r\u00e9servez votre s\u00e9jour \u00e0 la montagne dans nos chalets en bois pouvant accueillir jusqu'\u00e0 7 personnes.","robots":{"index":"index","follow":"follow","max-snippet":"max-snippet:-1","max-image-preview":"max-image-preview:large","max-video-preview":"max-video-preview:-1"},"canonical":"https:\/\/www.lestheoglines.fr\/en\/reservations\/","og_locale":"en_GB","og_type":"article","og_title":"R\u00e9servations - Les Th\u00e9oglines","og_description":"Pour vos vacances, r\u00e9servez votre s\u00e9jour \u00e0 la montagne dans nos chalets en bois pouvant accueillir jusqu'\u00e0 7 personnes.","og_url":"https:\/\/www.lestheoglines.fr\/en\/reservations\/","og_site_name":"Les Th\u00e9oglines","article_modified_time":"2023-05-12T14:14:58+00:00","twitter_card":"summary_large_image","twitter_misc":{"Estimated reading time":"1 minute"},"schema":{"@context":"https:\/\/schema.org","@graph":[{"@type":"WebPage","@id":"https:\/\/www.lestheoglines.fr\/reservations\/","url":"https:\/\/www.lestheoglines.fr\/reservations\/","name":"R\u00e9servations - Les Th\u00e9oglines","isPartOf":{"@id":"https:\/\/www.lestheoglines.fr\/#website"},"datePublished":"2022-02-24T04:05:12+00:00","dateModified":"2023-05-12T14:14:58+00:00","description":"Pour vos vacances, r\u00e9servez votre s\u00e9jour \u00e0 la montagne dans nos chalets en bois pouvant accueillir jusqu'\u00e0 7 personnes.","breadcrumb":{"@id":"https:\/\/www.lestheoglines.fr\/reservations\/#breadcrumb"},"inLanguage":"en-GB","potentialAction":[{"@type":"ReadAction","target":["https:\/\/www.lestheoglines.fr\/reservations\/"]}]},{"@type":"BreadcrumbList","@id":"https:\/\/www.lestheoglines.fr\/reservations\/#breadcrumb","itemListElement":[{"@type":"ListItem","position":1,"name":"Accueil","item":"https:\/\/www.lestheoglines.fr\/"},{"@type":"ListItem","position":2,"name":"R\u00e9servations"}]},{"@type":"WebSite","@id":"https:\/\/www.lestheoglines.fr\/#website","url":"https:\/\/www.lestheoglines.fr\/","name":"Les Th\u00e9oglines","description":"Parc r\u00e9sidentiel de loisirs","publisher":{"@id":"https:\/\/www.lestheoglines.fr\/#organization"},"potentialAction":[{"@type":"SearchAction","target":{"@type":"EntryPoint","urlTemplate":"https:\/\/www.lestheoglines.fr\/?s={search_term_string}"},"query-input":"required name=search_term_string"}],"inLanguage":"en-GB"},{"@type":"Organization","@id":"https:\/\/www.lestheoglines.fr\/#organization","name":"Les Th\u00e9oglines","url":"https:\/\/www.lestheoglines.fr\/","logo":{"@type":"ImageObject","inLanguage":"en-GB","@id":"https:\/\/www.lestheoglines.fr\/#\/schema\/logo\/image\/","url":"https:\/\/www.lestheoglines.fr\/wp-content\/uploads\/2023\/05\/logo-theoglines.png","contentUrl":"https:\/\/www.lestheoglines.fr\/wp-content\/uploads\/2023\/05\/logo-theoglines.png","width":309,"height":89,"caption":"Les Th\u00e9oglines"},"image":{"@id":"https:\/\/www.lestheoglines.fr\/#\/schema\/logo\/image\/"}}]}},"uagb_featured_image_src":{"full":false,"thumbnail":false,"medium":false,"medium_large":false,"large":false,"1536x1536":false,"2048x2048":false,"trp-custom-language-flag":false},"uagb_author_info":{"display_name":"admin","author_link":"https:\/\/www.lestheoglines.fr\/en\/author\/admin\/"},"uagb_comment_info":0,"uagb_excerpt":"R\u00e9servations Formulaire de r\u00e9servation Disponibilit\u00e9s Le Cabanat Le Cantou Le Crambot L\u00e9gende calendrier de r\u00e9servations powered by shared-house.com","_links":{"self":[{"href":"https:\/\/www.lestheoglines.fr\/en\/wp-json\/wp\/v2\/pages\/1328","targetHints":{"allow":["GET"]}}],"collection":[{"href":"https:\/\/www.lestheoglines.fr\/en\/wp-json\/wp\/v2\/pages"}],"about":[{"href":"https:\/\/www.lestheoglines.fr\/en\/wp-json\/wp\/v2\/types\/page"}],"author":[{"embeddable":true,"href":"https:\/\/www.lestheoglines.fr\/en\/wp-json\/wp\/v2\/users\/1"}],"replies":[{"embeddable":true,"href":"https:\/\/www.lestheoglines.fr\/en\/wp-json\/wp\/v2\/comments?post=1328"}],"version-history":[{"count":47,"href":"https:\/\/www.lestheoglines.fr\/en\/wp-json\/wp\/v2\/pages\/1328\/revisions"}],"predecessor-version":[{"id":2623,"href":"https:\/\/www.lestheoglines.fr\/en\/wp-json\/wp\/v2\/pages\/1328\/revisions\/2623"}],"wp:attachment":[{"href":"https:\/\/www.lestheoglines.fr\/en\/wp-json\/wp\/v2\/media?parent=1328"}],"curies":[{"name":"wp","href":"https:\/\/api.w.org\/{rel}","templated":true}]}}