{"id":1322,"date":"2022-02-24T05:02:56","date_gmt":"2022-02-24T05:02:56","guid":{"rendered":"http:\/\/www.lestheoglines.fr\/home\/"},"modified":"2023-05-12T16:30:31","modified_gmt":"2023-05-12T14:30:31","slug":"home","status":"publish","type":"page","link":"https:\/\/www.lestheoglines.fr\/en\/","title":{"rendered":"Home"},"content":{"rendered":"<div class=\"wp-block-uagb-container uagb-block-f181bb9f alignfull uagb-is-root-container\"><div class=\"uagb-container-inner-blocks-wrap\">\n<div class=\"wp-block-uagb-advanced-heading uagb-block-0e6bd1d8\"><h1 class=\"uagb-heading-text\"><span style=\"font-size:1.6rem; line-height:1; font-family: 'Work Sans',sans-serif; font-weight:300; letter-spacing:1px\">Welcome to the Residential Leisure Park<\/span><br>Les Th\u00e9oglines<\/h1><\/div>\n\n\n\n<div class=\"wp-block-buttons is-content-justification-center is-layout-flex wp-container-core-buttons-is-layout-a89b3969 wp-block-buttons-is-layout-flex\">\n<div class=\"wp-block-button\"><a class=\"wp-block-button__link has-text-align-center wp-element-button\" href=\"https:\/\/www.lestheoglines.fr\/en\/le-parc\/\"><strong>Discover<\/strong><\/a><\/div>\n<\/div>\n<\/div><\/div>\n\n\n\n<div class=\"wp-block-uagb-container uagb-block-9d594016 default uagb-is-root-container\">\n<div class=\"wp-block-uagb-container uagb-block-5e7445f6\">\n<div class=\"wp-block-uagb-container uagb-block-60df4917 alignfull uagb-is-root-container\"><div class=\"uagb-container-inner-blocks-wrap\">\n<div class=\"wp-block-uagb-container uagb-block-403b3db1 alignfull uagb-is-root-container\"><div class=\"uagb-container-inner-blocks-wrap\">\n<p class=\"has-medium-font-size\">Open all year round, the P.R.L \" Les Th\u00e9oglines \" will be happy to welcome you in its chalets in order to (re)discover the joys of the mountain.<\/p>\n\n\n\n<div style=\"height:15px\" aria-hidden=\"true\" class=\"wp-block-spacer\"><\/div>\n\n\n\n<figure class=\"wp-block-image size-full\"><img loading=\"lazy\" decoding=\"async\" width=\"645\" height=\"506\" src=\"http:\/\/www.lestheoglines.fr\/wp-content\/uploads\/2023\/05\/location-chalets-ariege.jpg\" alt=\"\" class=\"wp-image-1872\" srcset=\"https:\/\/www.lestheoglines.fr\/wp-content\/uploads\/2023\/05\/location-chalets-ariege.jpg 645w, https:\/\/www.lestheoglines.fr\/wp-content\/uploads\/2023\/05\/location-chalets-ariege-300x235.jpg 300w\" sizes=\"auto, (max-width: 645px) 100vw, 645px\" \/><\/figure>\n<\/div><\/div>\n\n\n\n<div class=\"wp-block-uagb-container uagb-block-127023c7 alignfull uagb-is-root-container\"><div class=\"uagb-container-inner-blocks-wrap\">\n<figure class=\"wp-block-image size-full\"><img loading=\"lazy\" decoding=\"async\" width=\"645\" height=\"506\" src=\"http:\/\/www.lestheoglines.fr\/wp-content\/uploads\/2023\/05\/chalet-montagne-ariege.jpg\" alt=\"\" class=\"wp-image-1874\" srcset=\"https:\/\/www.lestheoglines.fr\/wp-content\/uploads\/2023\/05\/chalet-montagne-ariege.jpg 645w, https:\/\/www.lestheoglines.fr\/wp-content\/uploads\/2023\/05\/chalet-montagne-ariege-300x235.jpg 300w\" sizes=\"auto, (max-width: 645px) 100vw, 645px\" \/><\/figure>\n\n\n\n<p class=\"has-medium-font-size\">From five to seven people, enjoy unparalleled comfort in solid wood cabins with incredible decor.<\/p>\n<\/div><\/div>\n<\/div><\/div>\n<\/div>\n<\/div>\n\n\n\n<div class=\"wp-block-uagb-container uagb-block-1dd88f6f alignfull uagb-is-root-container\"><div class=\"uagb-container-inner-blocks-wrap\">\n<div class=\"wp-block-uagb-advanced-heading uagb-block-364d9bb4\"><h2 class=\"uagb-heading-text\">Our cottages<\/h2><div class=\"uagb-separator\"><\/div><\/div>\n\n\n\n<div class=\"wp-block-uagb-container uagb-block-d660e748\">\n<div class=\"wp-block-uagb-container uagb-block-932d5ec3\">\n<div class=\"wp-block-uagb-info-box uagb-block-7e4ac299 uagb-infobox__content-wrap  uagb-infobox_cta-type-all uagb-infobox-icon-above-title uagb-infobox-image-valign-top box-chalet\"><a href=\"https:\/\/www.lestheoglines.fr\/en\/les-chalets\/le-cabanat\/\" class=\"uagb-infobox-link-wrap uagb-infbox__link-to-all\" target=\"_self\" aria-label=\"Infobox Link\" rel=\"noopener noreferrer\" onclick=\"return true;\"><\/a><div class=\"uagb-ifb-content\"><div class=\"uagb-ifb-image-content\"><img decoding=\"async\" src=\"https:\/\/www.lestheoglines.fr\/wp-content\/uploads\/2023\/05\/chalet-le-cabanat.jpg\" alt=\"\" width=\"467\" height=\"414\" loading=\"lazy\"\/><\/div><div class=\"uagb-ifb-title-wrap\"><h3 class=\"uagb-ifb-title\">The Cabanat<\/h3><\/div><div class=\"uagb-ifb-button-wrapper wp-block-button\"><\/div><\/div><\/div>\n\n\n\n<div class=\"wp-block-uagb-info-box uagb-block-54511370 uagb-infobox__content-wrap  uagb-infobox-icon-left-title uagb-infobox-left uagb-infobox-image-valign-middle lits\"><div class=\"uagb-ifb-content\"><div class=\"uagb-ifb-left-title-image\"><div class=\"uagb-ifb-image-content\"><img decoding=\"async\" src=\"https:\/\/www.lestheoglines.fr\/wp-content\/uploads\/2023\/05\/lits-theoglines-150x150.png\" alt=\"\" width=\"39\" height=\"39\" loading=\"lazy\"\/><\/div><div class=\"uagb-ifb-title-wrap\"><p class=\"uagb-ifb-title\">7 <\/p><\/div><\/div><\/div><\/div>\n<\/div>\n\n\n\n<div class=\"wp-block-uagb-container uagb-block-6524131d\">\n<div class=\"wp-block-uagb-info-box uagb-block-ef41d2ce uagb-infobox__content-wrap  uagb-infobox_cta-type-all uagb-infobox-icon-above-title uagb-infobox-image-valign-top box-chalet\"><a href=\"https:\/\/www.lestheoglines.fr\/en\/les-chalets\/le-cantou\/\" class=\"uagb-infobox-link-wrap uagb-infbox__link-to-all\" target=\"_self\" aria-label=\"Infobox Link\" rel=\"noopener noreferrer\" onclick=\"return true;\"><\/a><div class=\"uagb-ifb-content\"><div class=\"uagb-ifb-image-content\"><img decoding=\"async\" src=\"http:\/\/www.lestheoglines.fr\/wp-content\/uploads\/2023\/05\/chalet-le-cantou.jpg\" alt=\"\" width=\"467\" height=\"414\" loading=\"lazy\"\/><\/div><div class=\"uagb-ifb-title-wrap\"><h3 class=\"uagb-ifb-title\">The Cantou<\/h3><\/div><div class=\"uagb-ifb-button-wrapper wp-block-button\"><\/div><\/div><\/div>\n\n\n\n<div class=\"wp-block-uagb-info-box uagb-block-9e7d9ba3 uagb-infobox__content-wrap  uagb-infobox-icon-left-title uagb-infobox-left uagb-infobox-image-valign-middle lits\"><div class=\"uagb-ifb-content\"><div class=\"uagb-ifb-left-title-image\"><div class=\"uagb-ifb-image-content\"><img decoding=\"async\" src=\"https:\/\/www.lestheoglines.fr\/wp-content\/uploads\/2023\/05\/lits-bleu-150x150.png\" alt=\"\" width=\"39\" height=\"39\" loading=\"lazy\"\/><\/div><div class=\"uagb-ifb-title-wrap\"><p class=\"uagb-ifb-title\">5 <\/p><\/div><\/div><\/div><\/div>\n<\/div>\n\n\n\n<div class=\"wp-block-uagb-container uagb-block-d95a5958\">\n<div class=\"wp-block-uagb-info-box uagb-block-e7e64084 uagb-infobox__content-wrap  uagb-infobox_cta-type-all uagb-infobox-icon-above-title uagb-infobox-image-valign-top box-chalet\"><a href=\"https:\/\/www.lestheoglines.fr\/en\/les-chalets\/le-crambot\/\" class=\"uagb-infobox-link-wrap uagb-infbox__link-to-all\" target=\"_self\" aria-label=\"Infobox Link\" rel=\"noopener noreferrer\" onclick=\"return true;\"><\/a><div class=\"uagb-ifb-content\"><div class=\"uagb-ifb-image-content\"><img decoding=\"async\" src=\"http:\/\/www.lestheoglines.fr\/wp-content\/uploads\/2023\/05\/chalet-le-crambot.jpg\" alt=\"\" width=\"467\" height=\"414\" loading=\"lazy\"\/><\/div><div class=\"uagb-ifb-title-wrap\"><h3 class=\"uagb-ifb-title\">The Crambot<\/h3><\/div><div class=\"uagb-ifb-button-wrapper wp-block-button\"><\/div><\/div><\/div>\n\n\n\n<div class=\"wp-block-uagb-info-box uagb-block-26127e6a uagb-infobox__content-wrap  uagb-infobox-icon-left-title uagb-infobox-left uagb-infobox-image-valign-middle lits\"><div class=\"uagb-ifb-content\"><div class=\"uagb-ifb-left-title-image\"><div class=\"uagb-ifb-image-content\"><img decoding=\"async\" src=\"https:\/\/www.lestheoglines.fr\/wp-content\/uploads\/2023\/05\/lits-rouge-150x150.png\" alt=\"\" width=\"39\" height=\"39\" loading=\"lazy\"\/><\/div><div class=\"uagb-ifb-title-wrap\"><p class=\"uagb-ifb-title\">5 <\/p><\/div><\/div><\/div><\/div>\n<\/div>\n<\/div>\n<\/div><\/div>\n\n\n\n<div class=\"wp-block-uagb-container uagb-block-18b995a8 alignfull uagb-is-root-container\"><div class=\"uagb-container-inner-blocks-wrap\">\n<div class=\"wp-block-uagb-advanced-heading uagb-block-c8ef418a\"><h2 class=\"uagb-heading-text\">On the park<\/h2><div class=\"uagb-separator\"><\/div><\/div>\n\n\n\n<div class=\"wp-block-uagb-container uagb-block-19148275\">\n<div class=\"wp-block-uagb-container uagb-block-9b61b9b9\">\n<div class=\"wp-block-uagb-info-box uagb-block-a2e34fc0 uagb-infobox__content-wrap  uagb-infobox-icon-above-title uagb-infobox-image-valign-top\"><div class=\"uagb-ifb-content\"><div class=\"uagb-ifb-image-content\"><img decoding=\"async\" src=\"http:\/\/www.lestheoglines.fr\/wp-content\/uploads\/2023\/05\/espace-detente.png\" alt=\"\" width=\"105\" height=\"83\" loading=\"lazy\"\/><\/div><div class=\"uagb-ifb-title-wrap\"><h3 class=\"uagb-ifb-title\">Relaxation room<\/h3><\/div><p class=\"uagb-ifb-desc\">with books and board games<\/p><\/div><\/div>\n<\/div>\n\n\n\n<div class=\"wp-block-uagb-container uagb-block-ffe158f2\">\n<div class=\"wp-block-uagb-info-box uagb-block-96e98c96 uagb-infobox__content-wrap  uagb-infobox-icon-above-title uagb-infobox-image-valign-top\"><div class=\"uagb-ifb-content\"><div class=\"uagb-ifb-image-content\"><img decoding=\"async\" src=\"http:\/\/www.lestheoglines.fr\/wp-content\/uploads\/2023\/05\/buanderie.png\" alt=\"\" width=\"70\" height=\"77\" loading=\"lazy\"\/><\/div><div class=\"uagb-ifb-title-wrap\"><h3 class=\"uagb-ifb-title\">Laundry<\/h3><\/div><p class=\"uagb-ifb-desc\">to share<\/p><\/div><\/div>\n<\/div>\n\n\n\n<div class=\"wp-block-uagb-container uagb-block-9db5a656\">\n<div class=\"wp-block-uagb-info-box uagb-block-f283e911 uagb-infobox__content-wrap  uagb-infobox-icon-above-title uagb-infobox-image-valign-top\"><div class=\"uagb-ifb-content\"><div class=\"uagb-ifb-image-content\"><img decoding=\"async\" src=\"http:\/\/www.lestheoglines.fr\/wp-content\/uploads\/2023\/05\/aire-de-jeux.png\" alt=\"\" width=\"80\" height=\"73\" loading=\"lazy\"\/><\/div><div class=\"uagb-ifb-title-wrap\"><h3 class=\"uagb-ifb-title\">Playground<\/h3><\/div><p class=\"uagb-ifb-desc\">for children from 3 to 12 years old<\/p><\/div><\/div>\n<\/div>\n\n\n\n<div class=\"wp-block-uagb-container uagb-block-30374408\">\n<div class=\"wp-block-uagb-info-box uagb-block-cb6d62b3 uagb-infobox__content-wrap  uagb-infobox-icon-above-title uagb-infobox-image-valign-top\"><div class=\"uagb-ifb-content\"><div class=\"uagb-ifb-image-content\"><img decoding=\"async\" src=\"http:\/\/www.lestheoglines.fr\/wp-content\/uploads\/2023\/05\/barbecue.png\" alt=\"\" width=\"82\" height=\"81\" loading=\"lazy\"\/><\/div><div class=\"uagb-ifb-title-wrap\"><h3 class=\"uagb-ifb-title\">Barbecue<\/h3><\/div><p class=\"uagb-ifb-desc\">to share<\/p><\/div><\/div>\n<\/div>\n<\/div>\n<\/div><\/div>","protected":false},"excerpt":{"rendered":"<p>Bienvenue au Parc R\u00e9sidentiel de LoisirsLes Th\u00e9oglines Ouvert toute l&rsquo;ann\u00e9e, le P.R.L \u00ab\u00a0Les Th\u00e9oglines\u00a0\u00bb sera heureux de vous accueillir dans ses chalets afin de (re)d\u00e9couvir les joies de la montagne. De cinq \u00e0 sept personnes, profitez d&rsquo;un confort sans pareil dans des chalets en bois massif avec un d\u00e9cor incroyable. Nos Chalets Sur le parc<\/p>","protected":false},"author":1,"featured_media":0,"parent":0,"menu_order":0,"comment_status":"closed","ping_status":"closed","template":"","meta":{"_uag_custom_page_level_css":"","site-sidebar-layout":"no-sidebar","site-content-layout":"page-builder","ast-site-content-layout":"default","site-content-style":"default","site-sidebar-style":"default","ast-global-header-display":"","ast-banner-title-visibility":"","ast-main-header-display":"","ast-hfb-above-header-display":"","ast-hfb-below-header-display":"","ast-hfb-mobile-header-display":"","site-post-title":"disabled","ast-breadcrumbs-content":"","ast-featured-img":"disabled","footer-sml-layout":"","ast-disable-related-posts":"","theme-transparent-header-meta":"enabled","adv-header-id-meta":"","stick-header-meta":"","header-above-stick-meta":"","header-main-stick-meta":"","header-below-stick-meta":"","astra-migrate-meta-layouts":"default","ast-page-background-enabled":"default","ast-page-background-meta":{"desktop":{"background-color":"var(--ast-global-color-4)","background-image":"","background-repeat":"repeat","background-position":"center center","background-size":"auto","background-attachment":"scroll","background-type":"","background-media":"","overlay-type":"","overlay-color":"","overlay-opacity":"","overlay-gradient":""},"tablet":{"background-color":"","background-image":"","background-repeat":"repeat","background-position":"center center","background-size":"auto","background-attachment":"scroll","background-type":"","background-media":"","overlay-type":"","overlay-color":"","overlay-opacity":"","overlay-gradient":""},"mobile":{"background-color":"","background-image":"","background-repeat":"repeat","background-position":"center center","background-size":"auto","background-attachment":"scroll","background-type":"","background-media":"","overlay-type":"","overlay-color":"","overlay-opacity":"","overlay-gradient":""}},"ast-content-background-meta":{"desktop":{"background-color":"var(--ast-global-color-5)","background-image":"","background-repeat":"repeat","background-position":"center center","background-size":"auto","background-attachment":"scroll","background-type":"","background-media":"","overlay-type":"","overlay-color":"","overlay-opacity":"","overlay-gradient":""},"tablet":{"background-color":"var(--ast-global-color-5)","background-image":"","background-repeat":"repeat","background-position":"center center","background-size":"auto","background-attachment":"scroll","background-type":"","background-media":"","overlay-type":"","overlay-color":"","overlay-opacity":"","overlay-gradient":""},"mobile":{"background-color":"var(--ast-global-color-5)","background-image":"","background-repeat":"repeat","background-position":"center center","background-size":"auto","background-attachment":"scroll","background-type":"","background-media":"","overlay-type":"","overlay-color":"","overlay-opacity":"","overlay-gradient":""}},"footnotes":""},"class_list":["post-1322","page","type-page","status-publish","hentry"],"yoast_head":"<!-- This site is optimized with the Yoast SEO plugin v20.10 - https:\/\/yoast.com\/wordpress\/plugins\/seo\/ -->\n<title>Les Th\u00e9oglines - Parc R\u00e9sidentiel de Loisirs<\/title>\n<meta name=\"description\" content=\"Location de chalets \u00e0 la montagne \u00e0 proximit\u00e9 de Ax-les-Thermes. Le Parc &quot;Les Th\u00e9oglines&quot; sera heureux de vous accueillir pour vos vacances \u00e9t\u00e9 comme hiver.\" \/>\n<meta name=\"robots\" content=\"index, follow, max-snippet:-1, max-image-preview:large, max-video-preview:-1\" \/>\n<link rel=\"canonical\" href=\"https:\/\/www.lestheoglines.fr\/en\/\" \/>\n<meta property=\"og:locale\" content=\"en_GB\" \/>\n<meta property=\"og:type\" content=\"article\" \/>\n<meta property=\"og:title\" content=\"Les Th\u00e9oglines - Parc R\u00e9sidentiel de Loisirs\" \/>\n<meta property=\"og:description\" content=\"Location de chalets \u00e0 la montagne \u00e0 proximit\u00e9 de Ax-les-Thermes. Le Parc &quot;Les Th\u00e9oglines&quot; sera heureux de vous accueillir pour vos vacances \u00e9t\u00e9 comme hiver.\" \/>\n<meta property=\"og:url\" content=\"https:\/\/www.lestheoglines.fr\/en\/\" \/>\n<meta property=\"og:site_name\" content=\"Les Th\u00e9oglines\" \/>\n<meta property=\"article:modified_time\" content=\"2023-05-12T14:30:31+00:00\" \/>\n<meta property=\"og:image\" content=\"http:\/\/www.lestheoglines.fr\/wp-content\/uploads\/2023\/05\/location-chalets-ariege.jpg\" \/>\n<meta name=\"twitter:card\" content=\"summary_large_image\" \/>\n<meta name=\"twitter:label1\" content=\"Estimated reading time\" \/>\n\t<meta name=\"twitter:data1\" content=\"3 minutes\" \/>\n<script type=\"application\/ld+json\" class=\"yoast-schema-graph\">{\"@context\":\"https:\/\/schema.org\",\"@graph\":[{\"@type\":\"WebPage\",\"@id\":\"https:\/\/www.lestheoglines.fr\/\",\"url\":\"https:\/\/www.lestheoglines.fr\/\",\"name\":\"Les Th\u00e9oglines - Parc R\u00e9sidentiel de Loisirs\",\"isPartOf\":{\"@id\":\"https:\/\/www.lestheoglines.fr\/#website\"},\"datePublished\":\"2022-02-24T05:02:56+00:00\",\"dateModified\":\"2023-05-12T14:30:31+00:00\",\"description\":\"Location de chalets \u00e0 la montagne \u00e0 proximit\u00e9 de Ax-les-Thermes. Le Parc \\\"Les Th\u00e9oglines\\\" sera heureux de vous accueillir pour vos vacances \u00e9t\u00e9 comme hiver.\",\"breadcrumb\":{\"@id\":\"https:\/\/www.lestheoglines.fr\/#breadcrumb\"},\"inLanguage\":\"en-GB\",\"potentialAction\":[{\"@type\":\"ReadAction\",\"target\":[\"https:\/\/www.lestheoglines.fr\/\"]}]},{\"@type\":\"BreadcrumbList\",\"@id\":\"https:\/\/www.lestheoglines.fr\/#breadcrumb\",\"itemListElement\":[{\"@type\":\"ListItem\",\"position\":1,\"name\":\"Accueil\",\"item\":\"https:\/\/www.lestheoglines.fr\/\"},{\"@type\":\"ListItem\",\"position\":2,\"name\":\"Accueil\"}]},{\"@type\":\"WebSite\",\"@id\":\"https:\/\/www.lestheoglines.fr\/#website\",\"url\":\"https:\/\/www.lestheoglines.fr\/\",\"name\":\"Les Th\u00e9oglines\",\"description\":\"Parc r\u00e9sidentiel de loisirs\",\"publisher\":{\"@id\":\"https:\/\/www.lestheoglines.fr\/#organization\"},\"potentialAction\":[{\"@type\":\"SearchAction\",\"target\":{\"@type\":\"EntryPoint\",\"urlTemplate\":\"https:\/\/www.lestheoglines.fr\/?s={search_term_string}\"},\"query-input\":\"required name=search_term_string\"}],\"inLanguage\":\"en-GB\"},{\"@type\":\"Organization\",\"@id\":\"https:\/\/www.lestheoglines.fr\/#organization\",\"name\":\"Les Th\u00e9oglines\",\"url\":\"https:\/\/www.lestheoglines.fr\/\",\"logo\":{\"@type\":\"ImageObject\",\"inLanguage\":\"en-GB\",\"@id\":\"https:\/\/www.lestheoglines.fr\/#\/schema\/logo\/image\/\",\"url\":\"https:\/\/www.lestheoglines.fr\/wp-content\/uploads\/2023\/05\/logo-theoglines.png\",\"contentUrl\":\"https:\/\/www.lestheoglines.fr\/wp-content\/uploads\/2023\/05\/logo-theoglines.png\",\"width\":309,\"height\":89,\"caption\":\"Les Th\u00e9oglines\"},\"image\":{\"@id\":\"https:\/\/www.lestheoglines.fr\/#\/schema\/logo\/image\/\"}}]}<\/script>\n<!-- \/ Yoast SEO plugin. -->","yoast_head_json":{"title":"Les Th\u00e9oglines - Parc R\u00e9sidentiel de Loisirs","description":"Location de chalets \u00e0 la montagne \u00e0 proximit\u00e9 de Ax-les-Thermes. Le Parc \"Les Th\u00e9oglines\" sera heureux de vous accueillir pour vos vacances \u00e9t\u00e9 comme hiver.","robots":{"index":"index","follow":"follow","max-snippet":"max-snippet:-1","max-image-preview":"max-image-preview:large","max-video-preview":"max-video-preview:-1"},"canonical":"https:\/\/www.lestheoglines.fr\/en\/","og_locale":"en_GB","og_type":"article","og_title":"Les Th\u00e9oglines - Parc R\u00e9sidentiel de Loisirs","og_description":"Location de chalets \u00e0 la montagne \u00e0 proximit\u00e9 de Ax-les-Thermes. Le Parc \"Les Th\u00e9oglines\" sera heureux de vous accueillir pour vos vacances \u00e9t\u00e9 comme hiver.","og_url":"https:\/\/www.lestheoglines.fr\/en\/","og_site_name":"Les Th\u00e9oglines","article_modified_time":"2023-05-12T14:30:31+00:00","og_image":[{"url":"http:\/\/www.lestheoglines.fr\/wp-content\/uploads\/2023\/05\/location-chalets-ariege.jpg"}],"twitter_card":"summary_large_image","twitter_misc":{"Estimated reading time":"3 minutes"},"schema":{"@context":"https:\/\/schema.org","@graph":[{"@type":"WebPage","@id":"https:\/\/www.lestheoglines.fr\/","url":"https:\/\/www.lestheoglines.fr\/","name":"Les Th\u00e9oglines - Parc R\u00e9sidentiel de Loisirs","isPartOf":{"@id":"https:\/\/www.lestheoglines.fr\/#website"},"datePublished":"2022-02-24T05:02:56+00:00","dateModified":"2023-05-12T14:30:31+00:00","description":"Location de chalets \u00e0 la montagne \u00e0 proximit\u00e9 de Ax-les-Thermes. Le Parc \"Les Th\u00e9oglines\" sera heureux de vous accueillir pour vos vacances \u00e9t\u00e9 comme hiver.","breadcrumb":{"@id":"https:\/\/www.lestheoglines.fr\/#breadcrumb"},"inLanguage":"en-GB","potentialAction":[{"@type":"ReadAction","target":["https:\/\/www.lestheoglines.fr\/"]}]},{"@type":"BreadcrumbList","@id":"https:\/\/www.lestheoglines.fr\/#breadcrumb","itemListElement":[{"@type":"ListItem","position":1,"name":"Accueil","item":"https:\/\/www.lestheoglines.fr\/"},{"@type":"ListItem","position":2,"name":"Accueil"}]},{"@type":"WebSite","@id":"https:\/\/www.lestheoglines.fr\/#website","url":"https:\/\/www.lestheoglines.fr\/","name":"Les Th\u00e9oglines","description":"Parc r\u00e9sidentiel de loisirs","publisher":{"@id":"https:\/\/www.lestheoglines.fr\/#organization"},"potentialAction":[{"@type":"SearchAction","target":{"@type":"EntryPoint","urlTemplate":"https:\/\/www.lestheoglines.fr\/?s={search_term_string}"},"query-input":"required name=search_term_string"}],"inLanguage":"en-GB"},{"@type":"Organization","@id":"https:\/\/www.lestheoglines.fr\/#organization","name":"Les Th\u00e9oglines","url":"https:\/\/www.lestheoglines.fr\/","logo":{"@type":"ImageObject","inLanguage":"en-GB","@id":"https:\/\/www.lestheoglines.fr\/#\/schema\/logo\/image\/","url":"https:\/\/www.lestheoglines.fr\/wp-content\/uploads\/2023\/05\/logo-theoglines.png","contentUrl":"https:\/\/www.lestheoglines.fr\/wp-content\/uploads\/2023\/05\/logo-theoglines.png","width":309,"height":89,"caption":"Les Th\u00e9oglines"},"image":{"@id":"https:\/\/www.lestheoglines.fr\/#\/schema\/logo\/image\/"}}]}},"uagb_featured_image_src":{"full":false,"thumbnail":false,"medium":false,"medium_large":false,"large":false,"1536x1536":false,"2048x2048":false,"trp-custom-language-flag":false},"uagb_author_info":{"display_name":"admin","author_link":"https:\/\/www.lestheoglines.fr\/en\/author\/admin\/"},"uagb_comment_info":0,"uagb_excerpt":"Bienvenue au Parc R\u00e9sidentiel de LoisirsLes Th\u00e9oglines Ouvert toute l&rsquo;ann\u00e9e, le P.R.L \u00ab\u00a0Les Th\u00e9oglines\u00a0\u00bb sera heureux de vous accueillir dans ses chalets afin de (re)d\u00e9couvir les joies de la montagne. De cinq \u00e0 sept personnes, profitez d&rsquo;un confort sans pareil dans des chalets en bois massif avec un d\u00e9cor incroyable. Nos Chalets Sur le parc","_links":{"self":[{"href":"https:\/\/www.lestheoglines.fr\/en\/wp-json\/wp\/v2\/pages\/1322","targetHints":{"allow":["GET"]}}],"collection":[{"href":"https:\/\/www.lestheoglines.fr\/en\/wp-json\/wp\/v2\/pages"}],"about":[{"href":"https:\/\/www.lestheoglines.fr\/en\/wp-json\/wp\/v2\/types\/page"}],"author":[{"embeddable":true,"href":"https:\/\/www.lestheoglines.fr\/en\/wp-json\/wp\/v2\/users\/1"}],"replies":[{"embeddable":true,"href":"https:\/\/www.lestheoglines.fr\/en\/wp-json\/wp\/v2\/comments?post=1322"}],"version-history":[{"count":99,"href":"https:\/\/www.lestheoglines.fr\/en\/wp-json\/wp\/v2\/pages\/1322\/revisions"}],"predecessor-version":[{"id":2635,"href":"https:\/\/www.lestheoglines.fr\/en\/wp-json\/wp\/v2\/pages\/1322\/revisions\/2635"}],"wp:attachment":[{"href":"https:\/\/www.lestheoglines.fr\/en\/wp-json\/wp\/v2\/media?parent=1322"}],"curies":[{"name":"wp","href":"https:\/\/api.w.org\/{rel}","templated":true}]}}